{"id":1265,"date":"2017-05-12T07:47:01","date_gmt":"2017-05-12T07:47:01","guid":{"rendered":"http:\/\/superligero.es\/?page_id=1265"},"modified":"2018-03-01T16:51:20","modified_gmt":"2018-03-01T15:51:20","slug":"politica-de-privacidad","status":"publish","type":"page","link":"https:\/\/superligero.es\/en\/politica-de-privacidad\/","title":{"rendered":"Pol\u00edtica de Privacidad"},"content":{"rendered":"<p>[vc_row max_width=&#8221;600&#8243; css=&#8221;.vc_custom_1519919481320{margin-top: 50px !important;margin-bottom: 50px !important;}&#8221;][vc_column][vc_column_text]<\/p>\n<div class=\"rte\">\n<h2>Pol\u00edtica de Privacidad<\/h2>\n<p>&nbsp;<\/p>\n<p>A los efectos de lo dispuesto en la Ley Org\u00e1nica 15\/1999, de 13 de Diciembre, de Protecci\u00f3n de Datos de Car\u00e1cter Personal, SuperLigero le informa de la existencia de un fichero de datos de car\u00e1cter personal creado por y bajo la persona titular de SuperLigero con los datos obtenidos en \u201cwww.SuperLigero.es\u201d, estando inscrito dicho espacio web en la Agencia Nacional de Protecci\u00f3n de Datos.<\/p>\n<p>Javier Hern\u00e1ndez Leonis con DNI 44423707-N y como titular del dominio www.SuperLigero.es es el responsable del citado fichero debidamente inscrito en la AEPD.<\/p>\n<p>La finalidad de dicho fichero es remitir el pedido a la persona y direcci\u00f3n correctas, atender las solicitudes que nos plantee, mandarle toda informaci\u00f3n necesaria sobre sus compras y proporcionarle informaci\u00f3n acerca de los productos de www.SuperLigero.es, as\u00ed como la realizaci\u00f3n de actividades promocionales por correo electr\u00f3nico o por cualquier otro medio de comunicaci\u00f3n electr\u00f3nica equivalente (como whatsapp o sms).<\/p>\n<p>En cumplimiento de lo establecido en la Ley Org\u00e1nica 15\/1999, de Protecci\u00f3n de Datos de Car\u00e1cter Personal, en cualquier momento, Usted tendr\u00e1 el derecho de acceso, rectificaci\u00f3n, cancelaci\u00f3n y oposici\u00f3n a todos sus datos personales incluidos en los distintos formularios de alta. Para ejercitar esta facultad Usted deber\u00e1 enviar email a\u00a0<a href=\"https:\/\/superligero.es\/contacto\/\">atenci\u00f3n al cliente<\/a> o bien por correo postal a SuperLigero, Plaza Pablo Neruda, n\u00ba1, 08850, (Barcelona) Espa\u00f1a, indicando su nombre, apellido(s) y email de usuario, adjuntando fotocopia de su DNI.<\/p>\n<p>SuperLigero se compromete a guardar la m\u00e1xima reserva y confidencialidad sobre la informaci\u00f3n que le sea facilitada y a utilizarla \u00fanicamente para los fines indicados.<\/p>\n<p>Conforme a la legislaci\u00f3n vigente en materia de protecci\u00f3n de datos, SuperLigero se compromete a adoptar los niveles de seguridad adecuados a los datos facilitados por sus clientes y, adem\u00e1s, a instalar todos los medios y medidas a su alcance para evitar la p\u00e9rdida, mal uso, alteraci\u00f3n, acceso no autorizado y extracci\u00f3n de los mismos.<\/p>\n<p>Conforme a lo establecido en la Ley Org\u00e1nica 15\/1999, de Protecci\u00f3n de Datos de Car\u00e1cter Personal, le informamos de que el cumplimiento de cualquier formulario existente en el Sitio Web www.SuperLigero.es o la remisi\u00f3n de un correo electr\u00f3nico a cualquiera de nuestros buzones implica la aceptaci\u00f3n de esta pol\u00edtica de privacidad, as\u00ed como la autorizaci\u00f3n a SuperLigero para que trate los datos personales que nos facilite.<\/p>\n<p>Por la mera visita a la web, los Usuarios no facilitan informaci\u00f3n personal alguna ni queda obligado a facilitarla. Los clientes y usuarios se comprometen a navegar por la p\u00e1gina web y a utilizar el contenido de forma correcta, no realizando ning\u00fan tipo de acci\u00f3n fraudulenta sobre la misma.<\/p>\n<p>Para la utilizaci\u00f3n de nuestro sitio web es necesario la utilizaci\u00f3n de cookies. Las cookies se utilizan con la finalidad de identificar su cesta de la compra e identificarle inequ\u00edvocamente. Si usted lo desea puede configurar su navegador para ser avisado en pantalla de la recepci\u00f3n de cookies y para impedir la instalaci\u00f3n de cookies en su disco duro. Por favor, consulte las instrucciones y manuales de su navegador para ampliar esta informaci\u00f3n.<\/p>\n<p>Cada vez que usted usa nuestro sitio web \u201cwww.SuperLigero.es\u201d estar\u00e1 bajo la aplicaci\u00f3n de la Pol\u00edtica de Privacidad vigente en cada momento, debiendo revisar dicho texto para comprobar que est\u00e1 conforme con \u00e9l.<\/p>\n<p>SuperLigero presume que los datos han sido introducidos por su titular o por persona autorizada por \u00e9ste, as\u00ed como que son correctos y exactos. Corresponde a Usted la actualizaci\u00f3n de sus propios datos. Por lo tanto, Usted es responsable de la veracidad de los datos y SuperLigero no ser\u00e1 responsable de la inexactitud de los datos personales de sus clientes.<\/p>\n<\/div>\n<p>[\/vc_column_text][\/vc_column][\/vc_row]<\/p>\n","protected":false},"excerpt":{"rendered":"<p>[vc_row max_width=&#8221;600&#8243; css=&#8221;.vc_custom_1519919481320{margin-top: 50px !important;margin-bottom: 50px !important;}&#8221;][vc_column][vc_column_text] Pol\u00edtica de Privacidad &nbsp; A los efectos de lo dispuesto en la Ley Org\u00e1nica 15\/1999, de 13 de Diciembre, de Protecci\u00f3n de Datos de Car\u00e1cter Personal, SuperLigero le informa de la existencia de un fichero de datos de car\u00e1cter personal creado por y bajo la persona titular de &hellip;<\/p>\n","protected":false},"author":16,"featured_media":0,"parent":0,"menu_order":0,"comment_status":"closed","ping_status":"closed","template":"","meta":{"_trash_the_other_posts":false,"footnotes":""},"class_list":["post-1265","page","type-page","status-publish","hentry"],"yoast_head":"<!-- This site is optimized with the Yoast SEO Premium plugin v27.0 (Yoast SEO v27.1) - https:\/\/yoast.com\/product\/yoast-seo-premium-wordpress\/ -->\n<title>Pol\u00edtica de Privacidad<\/title>\n<meta name=\"robots\" content=\"noindex, follow\" \/>\n<meta property=\"og:locale\" content=\"en_US\" \/>\n<meta property=\"og:type\" content=\"article\" \/>\n<meta property=\"og:title\" content=\"Pol\u00edtica de Privacidad\" \/>\n<meta property=\"og:description\" content=\"[vc_row max_width=&#8221;600&#8243; css=&#8221;.vc_custom_1519919481320{margin-top: 50px !important;margin-bottom: 50px !important;}&#8221;][vc_column][vc_column_text] Pol\u00edtica de Privacidad &nbsp; A los efectos de lo dispuesto en la Ley Org\u00e1nica 15\/1999, de 13 de Diciembre, de Protecci\u00f3n de Datos de Car\u00e1cter Personal, SuperLigero le informa de la existencia de un fichero de datos de car\u00e1cter personal creado por y bajo la persona titular de &hellip;\" \/>\n<meta property=\"og:url\" content=\"https:\/\/superligero.es\/en\/politica-de-privacidad\/\" \/>\n<meta property=\"og:site_name\" content=\"SuperLigero\" \/>\n<meta property=\"article:modified_time\" content=\"2018-03-01T15:51:20+00:00\" \/>\n<meta name=\"twitter:card\" content=\"summary_large_image\" \/>\n<meta name=\"twitter:label1\" content=\"Est. reading time\" \/>\n\t<meta name=\"twitter:data1\" content=\"3 minutes\" \/>\n<script type=\"application\/ld+json\" class=\"yoast-schema-graph\">{\"@context\":\"https:\/\/schema.org\",\"@graph\":[{\"@type\":\"WebPage\",\"@id\":\"https:\/\/superligero.es\/en\/politica-de-privacidad\/\",\"url\":\"https:\/\/superligero.es\/en\/politica-de-privacidad\/\",\"name\":\"Pol\u00edtica de Privacidad\",\"isPartOf\":{\"@id\":\"https:\/\/superligero.es\/en\/#website\"},\"datePublished\":\"2017-05-12T07:47:01+00:00\",\"dateModified\":\"2018-03-01T15:51:20+00:00\",\"breadcrumb\":{\"@id\":\"https:\/\/superligero.es\/en\/politica-de-privacidad\/#breadcrumb\"},\"inLanguage\":\"en-US\",\"potentialAction\":[{\"@type\":\"ReadAction\",\"target\":[\"https:\/\/superligero.es\/en\/politica-de-privacidad\/\"]}]},{\"@type\":\"BreadcrumbList\",\"@id\":\"https:\/\/superligero.es\/en\/politica-de-privacidad\/#breadcrumb\",\"itemListElement\":[{\"@type\":\"ListItem\",\"position\":1,\"name\":\"Portada\",\"item\":\"https:\/\/superligero.es\/en\/\"},{\"@type\":\"ListItem\",\"position\":2,\"name\":\"Pol\u00edtica de Privacidad\"}]},{\"@type\":\"WebSite\",\"@id\":\"https:\/\/superligero.es\/en\/#website\",\"url\":\"https:\/\/superligero.es\/en\/\",\"name\":\"SuperLigero\",\"description\":\"Ultralight outdoor gear for hiking\",\"potentialAction\":[{\"@type\":\"SearchAction\",\"target\":{\"@type\":\"EntryPoint\",\"urlTemplate\":\"https:\/\/superligero.es\/en\/?s={search_term_string}\"},\"query-input\":{\"@type\":\"PropertyValueSpecification\",\"valueRequired\":true,\"valueName\":\"search_term_string\"}}],\"inLanguage\":\"en-US\"}]}<\/script>\n<!-- \/ Yoast SEO Premium plugin. -->","yoast_head_json":{"title":"Pol\u00edtica de Privacidad","robots":{"index":"noindex","follow":"follow"},"og_locale":"en_US","og_type":"article","og_title":"Pol\u00edtica de Privacidad","og_description":"[vc_row max_width=&#8221;600&#8243; css=&#8221;.vc_custom_1519919481320{margin-top: 50px !important;margin-bottom: 50px !important;}&#8221;][vc_column][vc_column_text] Pol\u00edtica de Privacidad &nbsp; A los efectos de lo dispuesto en la Ley Org\u00e1nica 15\/1999, de 13 de Diciembre, de Protecci\u00f3n de Datos de Car\u00e1cter Personal, SuperLigero le informa de la existencia de un fichero de datos de car\u00e1cter personal creado por y bajo la persona titular de &hellip;","og_url":"https:\/\/superligero.es\/en\/politica-de-privacidad\/","og_site_name":"SuperLigero","article_modified_time":"2018-03-01T15:51:20+00:00","twitter_card":"summary_large_image","twitter_misc":{"Est. reading time":"3 minutes"},"schema":{"@context":"https:\/\/schema.org","@graph":[{"@type":"WebPage","@id":"https:\/\/superligero.es\/en\/politica-de-privacidad\/","url":"https:\/\/superligero.es\/en\/politica-de-privacidad\/","name":"Pol\u00edtica de Privacidad","isPartOf":{"@id":"https:\/\/superligero.es\/en\/#website"},"datePublished":"2017-05-12T07:47:01+00:00","dateModified":"2018-03-01T15:51:20+00:00","breadcrumb":{"@id":"https:\/\/superligero.es\/en\/politica-de-privacidad\/#breadcrumb"},"inLanguage":"en-US","potentialAction":[{"@type":"ReadAction","target":["https:\/\/superligero.es\/en\/politica-de-privacidad\/"]}]},{"@type":"BreadcrumbList","@id":"https:\/\/superligero.es\/en\/politica-de-privacidad\/#breadcrumb","itemListElement":[{"@type":"ListItem","position":1,"name":"Portada","item":"https:\/\/superligero.es\/en\/"},{"@type":"ListItem","position":2,"name":"Pol\u00edtica de Privacidad"}]},{"@type":"WebSite","@id":"https:\/\/superligero.es\/en\/#website","url":"https:\/\/superligero.es\/en\/","name":"SuperLigero","description":"Ultralight outdoor gear for hiking","potentialAction":[{"@type":"SearchAction","target":{"@type":"EntryPoint","urlTemplate":"https:\/\/superligero.es\/en\/?s={search_term_string}"},"query-input":{"@type":"PropertyValueSpecification","valueRequired":true,"valueName":"search_term_string"}}],"inLanguage":"en-US"}]}},"_links":{"self":[{"href":"https:\/\/superligero.es\/en\/wp-json\/wp\/v2\/pages\/1265","targetHints":{"allow":["GET"]}}],"collection":[{"href":"https:\/\/superligero.es\/en\/wp-json\/wp\/v2\/pages"}],"about":[{"href":"https:\/\/superligero.es\/en\/wp-json\/wp\/v2\/types\/page"}],"author":[{"embeddable":true,"href":"https:\/\/superligero.es\/en\/wp-json\/wp\/v2\/users\/16"}],"replies":[{"embeddable":true,"href":"https:\/\/superligero.es\/en\/wp-json\/wp\/v2\/comments?post=1265"}],"version-history":[{"count":0,"href":"https:\/\/superligero.es\/en\/wp-json\/wp\/v2\/pages\/1265\/revisions"}],"wp:attachment":[{"href":"https:\/\/superligero.es\/en\/wp-json\/wp\/v2\/media?parent=1265"}],"curies":[{"name":"wp","href":"https:\/\/api.w.org\/{rel}","templated":true}]}}