{"id":14774,"date":"2022-02-07T22:03:43","date_gmt":"2022-02-07T21:03:43","guid":{"rendered":"https:\/\/superligero.es\/?post_type=product&#038;p=14774"},"modified":"2026-03-04T18:40:38","modified_gmt":"2026-03-04T16:40:38","slug":"tent-stakes-neil-peg-pack6","status":"publish","type":"product","link":"https:\/\/superligero.es\/en\/material\/ultralight-tents\/tent-stakes-neil-peg-pack6\/","title":{"rendered":"Nail Peg (Pack6)"},"content":{"rendered":"<p>Estas piquetas ligeras para tienda de campa\u00f1a son fabricada en el sur de\u00a0California (Estados Unidos) por\u00a0<a href=\"https:\/\/www.toaksoutdoor.com\/\" target=\"_blank\" rel=\"noopener noreferrer\">Toaks\u00a0Outdoors<\/a>\u00a0y en comparaci\u00f3n con los otros modelos, estas se pueden presionar o martillar con una roca en suelo fr\u00edo o duro, empujados a mano en suelo blando, y el gran di\u00e1metro de la piqueta los hace sostenerse mejor en los vientos que las clavijas de gancho m\u00e1s delgadas.<\/p>\n<div class=\"container\"><iframe loading=\"lazy\" class=\"video\" src=\"https:\/\/www.youtube.com\/embed\/wj29Lvrr_SY?rel=0\" width=\"300\" height=\"150\"><\/iframe><\/div>\n<hr \/>\n<h2>Cuando usarlas<\/h2>\n<p>Este tipo de piquetas m\u00e1s delgadas son m\u00e1s f\u00e1ciles de penetrar en suelos moderadamente duros en comparaci\u00f3n con otras piquetas m\u00e1s gruesas, como las <a href=\"https:\/\/superligero.es\/material\/refugios\/piquetas-de-titanio-ultraligeras-v-shaped-peg\/\">V-Shaped.<\/a>\u00a0Por lo tanto, deber\u00e1s de utilizar rocas para fijarlas en suelos sueltos o en condiciones de fuertes vientos.<\/p>\n<p>Para guardar tus piquetas dentro de la mochila y evitar que ensucien o mojen tu ropa, te recomendamos usar las bolsas ultraligeras de almacenamiento hechas de Cuben Fiber. Encontrar\u00e1s un modelo para piquetas.<\/p>\n<div class=\"woocommerce columns-3 \"><\/div>\n<hr \/>\n<h2>Cu\u00e1ntas piquetas necesitas<\/h2>\n<p>La mayor\u00eda de las configuraciones que utilizamos en <a href=\"https:\/\/superligero.es\/comprar\/refugios\/\">tiendas de campa\u00f1a o lonas<\/a>, requieren un m\u00ednimo de 6 piquetas. 4 se utilizan paras las esquinas y 2 piquetas que se usan para tensar el vest\u00edbulo. Eso ser\u00eda lo normal.<\/p>\n<p>Pero dependiendo de la zona en donde vayas a acampar, puede que necesites algunos m\u00e1s. Sobretodo en zonas muy expuestas al viento. En ese caso, hazte con algunas piquetas\u00a0V-Shaped, m\u00e1s resistentes. Nosotros combinamos diferentes piquetas y eso nos ayuda a ara\u00f1ar algunos gramos m\u00e1s a nuestra mochilas.<\/p>\n<div class=\"woocommerce columns-3 \"><ul class=\"nm-products products xsmall-block-grid-2 small-block-grid-2 medium-block-grid-3 large-block-grid-3 grid-default layout-default attributes-position-thumbnail no-action-links\">\r\n<li class=\"product type-product post-3035 status-publish first outofstock product_cat-ultralight-tents has-post-thumbnail taxable shipping-taxable purchasable product-type-simple sl-oos\" data-product-id=\"3035\">\n\t<div class=\"nm-shop-loop-product-wrap\">\n\t    \n        \n        <div class=\"nm-shop-loop-thumbnail\">\n           \n            \n            <a href=\"https:\/\/superligero.es\/en\/material\/ultralight-tents\/ultralight-titanium-tent-stakes\/\" class=\"nm-shop-loop-thumbnail-link woocommerce-LoopProduct-link\">\n            <img loading=\"lazy\" decoding=\"async\" width=\"350\" height=\"434\" src=\"https:\/\/superligero.es\/en\/wp-content\/uploads\/sites\/2\/2018\/01\/piquetas-de-titanio-ultraligeras-Ti-V-Shaped-Peg-Toaks-1-SuperLigero-350x434.jpg\" class=\"attachment-woocommerce_thumbnail size-woocommerce_thumbnail\" alt=\"piquetas ultraligeras de titanio\" srcset=\"https:\/\/superligero.es\/en\/wp-content\/uploads\/sites\/2\/2018\/01\/piquetas-de-titanio-ultraligeras-Ti-V-Shaped-Peg-Toaks-1-SuperLigero-350x434.jpg 350w, https:\/\/superligero.es\/en\/wp-content\/uploads\/sites\/2\/2018\/01\/piquetas-de-titanio-ultraligeras-Ti-V-Shaped-Peg-Toaks-1-SuperLigero.jpg 595w, https:\/\/superligero.es\/en\/wp-content\/uploads\/sites\/2\/2018\/01\/piquetas-de-titanio-ultraligeras-Ti-V-Shaped-Peg-Toaks-1-SuperLigero-306x380.jpg 306w, https:\/\/superligero.es\/en\/wp-content\/uploads\/sites\/2\/2018\/01\/piquetas-de-titanio-ultraligeras-Ti-V-Shaped-Peg-Toaks-1-SuperLigero-300x372.jpg 300w\" sizes=\"auto, (max-width: 350px) 100vw, 350px\" \/>            <\/a>\n        <\/div>\n\n        <div class=\"nm-shop-loop-details\">\n                        <div class=\"nm-shop-loop-title-price\">\n            <h3 class=\"woocommerce-loop-product__title\"><a href=\"https:\/\/superligero.es\/en\/material\/ultralight-tents\/ultralight-titanium-tent-stakes\/\" class=\"nm-shop-loop-title-link woocommerce-LoopProduct-link\">Stakes V-Shaped Peg (Pack 6)<\/a><\/h3>            <\/div>\n\t\t\t\t\t\t\t\t\t\t\t\n\t\t\t\t\t\t\t\t\t\t\t\n<span class=\"peso\">\n    10gr<\/span>\n\n\n\n\t\t\t\t\t\t\t\t\t\t\t\n\t\t\t\t\t\t\t\t\t\t\t\n\t\t\t\t\t\t\t\t\t\t\t\n\t\t\t\t\t\t\t\t\t\t\t\n\t\t\t\t\t\t\t\t\t\t\t\n\t\t\t\t\t\t\t\t\t\t\t\n\t\t\t\t\t\t\t\t\t\t\t\n\t\t\t\t\t\t\t\t\t\t\t\n\t\t\t\t\t\t\t\t\t\t\t\n\n\t\t\t\t \t<div class=\"nm-shop-loop-title-price\">\n\t\t\t\t\t \t\r\n\t<span class=\"price\"><span class=\"woocommerce-Price-amount amount\"><bdi>28<span class=\"woocommerce-Price-currencySymbol\">&euro;<\/span><\/bdi><\/span><\/span>\r\n\t\t\t\t\t\t<\/div>\n            <div class=\"nm-shop-loop-actions\">\n            <span class=\"gtm4wp_productdata\" style=\"display:none; visibility:hidden;\" data-gtm4wp_product_data=\"{&quot;internal_id&quot;:3035,&quot;item_id&quot;:3035,&quot;item_name&quot;:&quot;Stakes V-Shaped Peg (Pack 6)&quot;,&quot;sku&quot;:&quot;065_A&quot;,&quot;price&quot;:28,&quot;stocklevel&quot;:0,&quot;stockstatus&quot;:&quot;outofstock&quot;,&quot;google_business_vertical&quot;:&quot;retail&quot;,&quot;item_category&quot;:&quot;Shelters&quot;,&quot;id&quot;:3035,&quot;productlink&quot;:&quot;https:\\\/\\\/superligero.es\\\/en\\\/material\\\/ultralight-tents\\\/ultralight-titanium-tent-stakes\\\/&quot;,&quot;item_list_name&quot;:&quot;General Product List&quot;,&quot;index&quot;:1,&quot;product_type&quot;:&quot;simple&quot;,&quot;item_brand&quot;:&quot;&quot;}\"><\/span>            <\/div>\n        <\/div>\n\n            <\/div>\n<\/li>\n<\/ul>\r\n<\/div>\n<hr \/>\n<h2>Consejos para sujeci\u00f3n<\/h2>\n<p>En general, las piquetas ligeras para tienda de campa\u00f1a como estas\u00a0deben de golpearse con cuidado o podr\u00edan doblarse o da\u00f1arse. Utiliza la punta de tus botas o zapatillas, junto con ambas manos para una mayor estabilidad, y presiona la piqueta hacia el suelo con tu peso corporal.<\/p>\n<p>Si el suelo es demasiado duro para clavar la piqueta, puedes anclarlas con cuidado utilizando rocas.<\/p>\n<hr \/>\n<h2>Especificaciones<\/h2>\n<ul>\n<li>Modelo: PEG-04<\/li>\n<li>Piquetas de titanio ligeras cl\u00e1sicas de alta calidad.<\/li>\n<li>Viene 6 piquetas.<\/li>\n<\/ul>\n<hr \/>\n<h2>Tablas de medidas<\/h2>\n<table style=\"height: 83px\" width=\"645\">\n<tbody>\n<tr>\n<td colspan=\"2\" width=\"197\">\n<h4>Dimensiones<\/h4>\n<\/td>\n<\/tr>\n<tr>\n<td width=\"197\">Material<\/td>\n<td width=\"80\">Aleaci\u00f3n de titanio<\/td>\n<\/tr>\n<tr>\n<td>Peso (verificado)<\/td>\n<td>6,5 gr<\/td>\n<\/tr>\n<tr>\n<td>Di\u00e1metro<\/td>\n<td>3,2 mm<\/td>\n<\/tr>\n<tr>\n<td>Largo<\/td>\n<td>163 mm<\/td>\n<\/tr>\n<\/tbody>\n<\/table>\n<p>&nbsp;<\/p>\n<hr \/>\n<h2>Valoraciones y rese\u00f1as<\/h2>\n","protected":false},"excerpt":{"rendered":"<p>Ideal para agarrar las 4 esquinas de tu tienda de campa\u00f1a o lona. Hechas con titanio, son extremadamente fuertes y ligeras a pesar de su delgado calibre. Son m\u00e1s f\u00e1ciles de clavar en terrenos moderadamente duros en comparaci\u00f3n con las piquetas m\u00e1s gruesas.<\/p>\n","protected":false},"featured_media":17354,"comment_status":"open","ping_status":"closed","template":"","meta":{"_trash_the_other_posts":false},"product_brand":[1789],"product_cat":[24],"product_tag":[],"class_list":{"0":"post-14774","1":"product","2":"type-product","3":"status-publish","4":"has-post-thumbnail","6":"product_brand-toaks","7":"product_cat-ultralight-tents","9":"first","10":"outofstock","11":"taxable","12":"shipping-taxable","13":"purchasable","14":"product-type-simple"},"yoast_head":"<!-- This site is optimized with the Yoast SEO Premium plugin v27.0 (Yoast SEO v27.1) - https:\/\/yoast.com\/product\/yoast-seo-premium-wordpress\/ -->\n<title>Toaks Stakes Nail Peg (Pack6) | Ships from Europe<\/title>\n<meta name=\"description\" content=\"Toaks Stakes Nail Peg (Pack6) | Ships from Europe for ultralight hiking and backpacking. Lightweight and durable gear. Ships from Europe. No import fees or\" \/>\n<meta name=\"robots\" content=\"index, follow, max-snippet:-1, max-image-preview:large, max-video-preview:-1\" \/>\n<link rel=\"canonical\" href=\"https:\/\/superligero.es\/en\/material\/ultralight-tents\/tent-stakes-neil-peg-pack6\/\" \/>\n<meta property=\"og:locale\" content=\"en_US\" \/>\n<meta property=\"og:type\" content=\"article\" \/>\n<meta property=\"og:title\" content=\"Nail Peg (Pack6)\" \/>\n<meta property=\"og:description\" content=\"Toaks Stakes Nail Peg (Pack6) | Ships from Europe for ultralight hiking and backpacking. Lightweight and durable gear. Ships from Europe. No import fees or\" \/>\n<meta property=\"og:url\" content=\"https:\/\/superligero.es\/en\/material\/ultralight-tents\/tent-stakes-neil-peg-pack6\/\" \/>\n<meta property=\"og:site_name\" content=\"SuperLigero\" \/>\n<meta property=\"article:modified_time\" content=\"2026-03-04T16:40:38+00:00\" \/>\n<meta property=\"og:image\" content=\"https:\/\/superligero.es\/en\/wp-content\/uploads\/sites\/2\/2025\/05\/piquetas-de-clavo-22.jpg\" \/>\n\t<meta property=\"og:image:width\" content=\"595\" \/>\n\t<meta property=\"og:image:height\" content=\"738\" \/>\n\t<meta property=\"og:image:type\" content=\"image\/jpeg\" \/>\n<meta name=\"twitter:card\" content=\"summary_large_image\" \/>\n<meta name=\"twitter:label1\" content=\"Est. reading time\" \/>\n\t<meta name=\"twitter:data1\" content=\"2 minutes\" \/>\n<script type=\"application\/ld+json\" class=\"yoast-schema-graph\">{\"@context\":\"https:\/\/schema.org\",\"@graph\":[{\"@type\":\"WebPage\",\"@id\":\"https:\/\/superligero.es\/en\/material\/ultralight-tents\/tent-stakes-neil-peg-pack6\/\",\"url\":\"https:\/\/superligero.es\/en\/material\/ultralight-tents\/tent-stakes-neil-peg-pack6\/\",\"name\":\"Toaks Stakes Nail Peg (Pack6) | Ships from Europe\",\"isPartOf\":{\"@id\":\"https:\/\/superligero.es\/en\/#website\"},\"primaryImageOfPage\":{\"@id\":\"https:\/\/superligero.es\/en\/material\/ultralight-tents\/tent-stakes-neil-peg-pack6\/#primaryimage\"},\"image\":{\"@id\":\"https:\/\/superligero.es\/en\/material\/ultralight-tents\/tent-stakes-neil-peg-pack6\/#primaryimage\"},\"thumbnailUrl\":\"https:\/\/superligero.es\/en\/wp-content\/uploads\/sites\/2\/2025\/05\/piquetas-de-clavo-22.jpg\",\"datePublished\":\"2022-02-07T21:03:43+00:00\",\"dateModified\":\"2026-03-04T16:40:38+00:00\",\"description\":\"Toaks Stakes Nail Peg (Pack6) | Ships from Europe for ultralight hiking and backpacking. Lightweight and durable gear. Ships from Europe. No import fees or\",\"breadcrumb\":{\"@id\":\"https:\/\/superligero.es\/en\/material\/ultralight-tents\/tent-stakes-neil-peg-pack6\/#breadcrumb\"},\"inLanguage\":\"en-US\",\"potentialAction\":[{\"@type\":\"ReadAction\",\"target\":[\"https:\/\/superligero.es\/en\/material\/ultralight-tents\/tent-stakes-neil-peg-pack6\/\"]}]},{\"@type\":\"ImageObject\",\"inLanguage\":\"en-US\",\"@id\":\"https:\/\/superligero.es\/en\/material\/ultralight-tents\/tent-stakes-neil-peg-pack6\/#primaryimage\",\"url\":\"https:\/\/superligero.es\/en\/wp-content\/uploads\/sites\/2\/2025\/05\/piquetas-de-clavo-22.jpg\",\"contentUrl\":\"https:\/\/superligero.es\/en\/wp-content\/uploads\/sites\/2\/2025\/05\/piquetas-de-clavo-22.jpg\",\"width\":595,\"height\":738},{\"@type\":\"BreadcrumbList\",\"@id\":\"https:\/\/superligero.es\/en\/material\/ultralight-tents\/tent-stakes-neil-peg-pack6\/#breadcrumb\",\"itemListElement\":[{\"@type\":\"ListItem\",\"position\":1,\"name\":\"Portada\",\"item\":\"https:\/\/superligero.es\/en\/\"},{\"@type\":\"ListItem\",\"position\":2,\"name\":\"Productos\",\"item\":\"https:\/\/superligero.es\/en\/productos\/\"},{\"@type\":\"ListItem\",\"position\":3,\"name\":\"Nail Peg (Pack6)\"}]},{\"@type\":\"WebSite\",\"@id\":\"https:\/\/superligero.es\/en\/#website\",\"url\":\"https:\/\/superligero.es\/en\/\",\"name\":\"SuperLigero\",\"description\":\"Ultralight outdoor gear for hiking\",\"potentialAction\":[{\"@type\":\"SearchAction\",\"target\":{\"@type\":\"EntryPoint\",\"urlTemplate\":\"https:\/\/superligero.es\/en\/?s={search_term_string}\"},\"query-input\":{\"@type\":\"PropertyValueSpecification\",\"valueRequired\":true,\"valueName\":\"search_term_string\"}}],\"inLanguage\":\"en-US\"}]}<\/script>\n<!-- \/ Yoast SEO Premium plugin. -->","yoast_head_json":{"title":"Toaks Stakes Nail Peg (Pack6) | Ships from Europe","description":"Toaks Stakes Nail Peg (Pack6) | Ships from Europe for ultralight hiking and backpacking. Lightweight and durable gear. Ships from Europe. No import fees or","robots":{"index":"index","follow":"follow","max-snippet":"max-snippet:-1","max-image-preview":"max-image-preview:large","max-video-preview":"max-video-preview:-1"},"canonical":"https:\/\/superligero.es\/en\/material\/ultralight-tents\/tent-stakes-neil-peg-pack6\/","og_locale":"en_US","og_type":"article","og_title":"Nail Peg (Pack6)","og_description":"Toaks Stakes Nail Peg (Pack6) | Ships from Europe for ultralight hiking and backpacking. Lightweight and durable gear. Ships from Europe. No import fees or","og_url":"https:\/\/superligero.es\/en\/material\/ultralight-tents\/tent-stakes-neil-peg-pack6\/","og_site_name":"SuperLigero","article_modified_time":"2026-03-04T16:40:38+00:00","og_image":[{"width":595,"height":738,"url":"https:\/\/superligero.es\/en\/wp-content\/uploads\/sites\/2\/2025\/05\/piquetas-de-clavo-22.jpg","type":"image\/jpeg"}],"twitter_card":"summary_large_image","twitter_misc":{"Est. reading time":"2 minutes"},"schema":{"@context":"https:\/\/schema.org","@graph":[{"@type":"WebPage","@id":"https:\/\/superligero.es\/en\/material\/ultralight-tents\/tent-stakes-neil-peg-pack6\/","url":"https:\/\/superligero.es\/en\/material\/ultralight-tents\/tent-stakes-neil-peg-pack6\/","name":"Toaks Stakes Nail Peg (Pack6) | Ships from Europe","isPartOf":{"@id":"https:\/\/superligero.es\/en\/#website"},"primaryImageOfPage":{"@id":"https:\/\/superligero.es\/en\/material\/ultralight-tents\/tent-stakes-neil-peg-pack6\/#primaryimage"},"image":{"@id":"https:\/\/superligero.es\/en\/material\/ultralight-tents\/tent-stakes-neil-peg-pack6\/#primaryimage"},"thumbnailUrl":"https:\/\/superligero.es\/en\/wp-content\/uploads\/sites\/2\/2025\/05\/piquetas-de-clavo-22.jpg","datePublished":"2022-02-07T21:03:43+00:00","dateModified":"2026-03-04T16:40:38+00:00","description":"Toaks Stakes Nail Peg (Pack6) | Ships from Europe for ultralight hiking and backpacking. Lightweight and durable gear. Ships from Europe. No import fees or","breadcrumb":{"@id":"https:\/\/superligero.es\/en\/material\/ultralight-tents\/tent-stakes-neil-peg-pack6\/#breadcrumb"},"inLanguage":"en-US","potentialAction":[{"@type":"ReadAction","target":["https:\/\/superligero.es\/en\/material\/ultralight-tents\/tent-stakes-neil-peg-pack6\/"]}]},{"@type":"ImageObject","inLanguage":"en-US","@id":"https:\/\/superligero.es\/en\/material\/ultralight-tents\/tent-stakes-neil-peg-pack6\/#primaryimage","url":"https:\/\/superligero.es\/en\/wp-content\/uploads\/sites\/2\/2025\/05\/piquetas-de-clavo-22.jpg","contentUrl":"https:\/\/superligero.es\/en\/wp-content\/uploads\/sites\/2\/2025\/05\/piquetas-de-clavo-22.jpg","width":595,"height":738},{"@type":"BreadcrumbList","@id":"https:\/\/superligero.es\/en\/material\/ultralight-tents\/tent-stakes-neil-peg-pack6\/#breadcrumb","itemListElement":[{"@type":"ListItem","position":1,"name":"Portada","item":"https:\/\/superligero.es\/en\/"},{"@type":"ListItem","position":2,"name":"Productos","item":"https:\/\/superligero.es\/en\/productos\/"},{"@type":"ListItem","position":3,"name":"Nail Peg (Pack6)"}]},{"@type":"WebSite","@id":"https:\/\/superligero.es\/en\/#website","url":"https:\/\/superligero.es\/en\/","name":"SuperLigero","description":"Ultralight outdoor gear for hiking","potentialAction":[{"@type":"SearchAction","target":{"@type":"EntryPoint","urlTemplate":"https:\/\/superligero.es\/en\/?s={search_term_string}"},"query-input":{"@type":"PropertyValueSpecification","valueRequired":true,"valueName":"search_term_string"}}],"inLanguage":"en-US"}]}},"_links":{"self":[{"href":"https:\/\/superligero.es\/en\/wp-json\/wp\/v2\/product\/14774","targetHints":{"allow":["GET"]}}],"collection":[{"href":"https:\/\/superligero.es\/en\/wp-json\/wp\/v2\/product"}],"about":[{"href":"https:\/\/superligero.es\/en\/wp-json\/wp\/v2\/types\/product"}],"replies":[{"embeddable":true,"href":"https:\/\/superligero.es\/en\/wp-json\/wp\/v2\/comments?post=14774"}],"wp:featuredmedia":[{"embeddable":true,"href":"https:\/\/superligero.es\/en\/wp-json\/wp\/v2\/media\/17354"}],"wp:attachment":[{"href":"https:\/\/superligero.es\/en\/wp-json\/wp\/v2\/media?parent=14774"}],"wp:term":[{"taxonomy":"product_brand","embeddable":true,"href":"https:\/\/superligero.es\/en\/wp-json\/wp\/v2\/product_brand?post=14774"},{"taxonomy":"product_cat","embeddable":true,"href":"https:\/\/superligero.es\/en\/wp-json\/wp\/v2\/product_cat?post=14774"},{"taxonomy":"product_tag","embeddable":true,"href":"https:\/\/superligero.es\/en\/wp-json\/wp\/v2\/product_tag?post=14774"}],"curies":[{"name":"wp","href":"https:\/\/api.w.org\/{rel}","templated":true}]}}