{"id":16461,"date":"2024-10-13T22:54:01","date_gmt":"2024-10-13T20:54:01","guid":{"rendered":"https:\/\/superligero.es\/en\/?post_type=product&#038;p=16461"},"modified":"2026-04-07T00:28:29","modified_gmt":"2026-04-06T22:28:29","slug":"ultralight-alcohol-stove","status":"publish","type":"product","link":"https:\/\/superligero.es\/en\/material\/ultralight-kitchen\/ultralight-alcohol-stove\/","title":{"rendered":"Alcohol Stove"},"content":{"rendered":"<p>The ultralight alcohol stove, made in Tokyo, Japan by <a href=\"http:\/\/evernew-global.com\/\">Evernew<\/a>, is extremely lightweight, durable, and will take up very little space in your backpack. If you are cooking just for yourself and follow the correct fuel usage precautions, there won\u2019t be a better option.<\/p>\n<div class=\"container\"><iframe class=\"video\" src=\"https:\/\/www.youtube.com\/embed\/lp3-2MJHVyE?rel=0\" width=\"300\" height=\"150\"><\/iframe><\/div>\n<hr \/>\n<h2>When to Use It<\/h2>\n<p>These types of stoves have a very simple design, and their fuel, alcohol, is cheap and easy to find. However, alcohol stoves are not the most powerful. If you&#8217;re a high-altitude hiker accustomed to winter routes, you know you\u2019ll need to choose other more powerful heat sources, like gas. <a href=\"https:\/\/superligero.es\/hornillos-para-senderismo-2\/\">Learn more here<\/a>.<\/p>\n<p>The Evernew ultralight alcohol stove has two diffusion zones: one around the base and another at the upper edge. This design increases its power even further. With 30 ml of alcohol, you can boil 400 ml of water in approximately 5 minutes.<\/p>\n<hr \/>\n<h2>How It Works<\/h2>\n<p>The alcohol is simply poured into the stove. A series of visible markings inside the container (30-60ml) allow you to easily measure the amount of fuel you&#8217;re using. How do you light it? You can use a match, or as we do, a spark from a magnesium fire starter.<\/p>\n<p>Most alcohol stoves burn all their fuel at once, but thanks to the volume markers, it\u2019s very easy to calculate how much fuel you need. Want a coffee? Easy. Pour a little less than the 30 ml mark, and use a support for greater stability of your pots and better efficiency.<\/p>\n<hr \/>\n<h2>Made of Grade 1 and 2 Titanium<\/h2>\n<p>Titanium is an extremely lightweight and strong metal. It doesn\u2019t rust or corrode in moisture, making it highly durable. Pure titanium is rarely used commercially; it is typically mixed with other metals to create alloys with better performance or to reduce costs.<\/p>\n<p>To differentiate the quality of each titanium alloy, they are divided into Grades, regulated by an international organization called <a href=\"https:\/\/www.astm.org\/\" target=\"_blank\" rel=\"noopener noreferrer\">ASTM<\/a>. Evernew uses a Grade 1 and 2 titanium alloy, considered the purest commercially available titanium with over 99% purity.<\/p>\n<hr \/>\n<h2>Specifications<\/h2>\n<ul>\n<li>Model: EBY254<\/li>\n<li>Can only be used with alcohol.<\/li>\n<li>Being made of titanium, it cools down very quickly.<\/li>\n<li>Compatible with the Evernew Ti DX Accessories kit (sold separately here).<\/li>\n<li>You can use the Trive Ti Stand for greater stability (sold separately here).<\/li>\n<\/ul>\n<hr \/>\n<h2>Measurements<\/h2>\n<table style=\"height: 103px;\" width=\"374\">\n<tbody>\n<tr>\n<td width=\"197\">Verified weight*<\/td>\n<td width=\"80\">34 g<\/td>\n<\/tr>\n<tr>\n<td width=\"197\">Capacity<\/td>\n<td width=\"80\">70 ml<\/td>\n<\/tr>\n<\/tbody>\n<\/table>\n<table style=\"height: 90px;\" width=\"374\">\n<tbody>\n<tr>\n<td colspan=\"2\" width=\"197\">\n<h4>Size<\/h4>\n<\/td>\n<\/tr>\n<tr>\n<td width=\"197\">Top<\/td>\n<td width=\"80\">8.2 x 6 cm<\/td>\n<\/tr>\n<tr>\n<td>Bottom<\/td>\n<td>8 x 5 cm<\/td>\n<\/tr>\n<\/tbody>\n<\/table>\n<hr \/>\n<h2>Reviews<\/h2>\n","protected":false},"excerpt":{"rendered":"<p>Este hornillo es incre\u00edblemente peque\u00f1o, ligero y muy resistente. Tiene dos marcas de volumen en su interior para medir con precisi\u00f3n la cantidad de combustible y cuenta con dos niveles de llama alrededor, que generan una llama fuerte y estable.<\/p>\n","protected":false},"featured_media":3162,"comment_status":"open","ping_status":"closed","template":"","meta":{"_trash_the_other_posts":false},"product_brand":[1786],"product_cat":[26],"product_tag":[],"class_list":{"0":"post-16461","1":"product","2":"type-product","3":"status-publish","4":"has-post-thumbnail","6":"product_brand-evernew","7":"product_cat-ultralight-kitchen","9":"first","10":"instock","11":"taxable","12":"shipping-taxable","13":"purchasable","14":"product-type-simple"},"yoast_head":"<!-- This site is optimized with the Yoast SEO Premium plugin v27.0 (Yoast SEO v27.1) - https:\/\/yoast.com\/product\/yoast-seo-premium-wordpress\/ -->\n<title>Ultralight Evernew Alcohol Stove | Ships from Europe<\/title>\n<meta name=\"description\" content=\"Ultralight Evernew Alcohol Stove | Ships from Europe for ultralight hiking and backpacking. Lightweight and durable gear. Ships from Europe. No import fees\" \/>\n<meta name=\"robots\" content=\"index, follow, max-snippet:-1, max-image-preview:large, max-video-preview:-1\" \/>\n<link rel=\"canonical\" href=\"https:\/\/superligero.es\/en\/material\/ultralight-kitchen\/ultralight-alcohol-stove\/\" \/>\n<meta property=\"og:locale\" content=\"en_US\" \/>\n<meta property=\"og:type\" content=\"article\" \/>\n<meta property=\"og:title\" content=\"Alcohol Stove\" \/>\n<meta property=\"og:description\" content=\"Ultralight Evernew Alcohol Stove | Ships from Europe for ultralight hiking and backpacking. Lightweight and durable gear. Ships from Europe. No import fees\" \/>\n<meta property=\"og:url\" content=\"https:\/\/superligero.es\/en\/material\/ultralight-kitchen\/ultralight-alcohol-stove\/\" \/>\n<meta property=\"og:site_name\" content=\"SuperLigero\" \/>\n<meta property=\"article:modified_time\" content=\"2026-04-06T22:28:29+00:00\" \/>\n<meta property=\"og:image\" content=\"https:\/\/superligero.es\/en\/wp-content\/uploads\/sites\/2\/2018\/01\/hornillo-de-alcohol-ultraligero-Ti-Alcohol-Stove-Evernew-1-SuperLigero.jpg\" \/>\n\t<meta property=\"og:image:width\" content=\"595\" \/>\n\t<meta property=\"og:image:height\" content=\"738\" \/>\n\t<meta property=\"og:image:type\" content=\"image\/jpeg\" \/>\n<meta name=\"twitter:card\" content=\"summary_large_image\" \/>\n<meta name=\"twitter:label1\" content=\"Est. reading time\" \/>\n\t<meta name=\"twitter:data1\" content=\"2 minutes\" \/>\n<script type=\"application\/ld+json\" class=\"yoast-schema-graph\">{\"@context\":\"https:\/\/schema.org\",\"@graph\":[{\"@type\":\"WebPage\",\"@id\":\"https:\/\/superligero.es\/en\/material\/ultralight-kitchen\/ultralight-alcohol-stove\/\",\"url\":\"https:\/\/superligero.es\/en\/material\/ultralight-kitchen\/ultralight-alcohol-stove\/\",\"name\":\"Ultralight Evernew Alcohol Stove | Ships from Europe\",\"isPartOf\":{\"@id\":\"https:\/\/superligero.es\/en\/#website\"},\"primaryImageOfPage\":{\"@id\":\"https:\/\/superligero.es\/en\/material\/ultralight-kitchen\/ultralight-alcohol-stove\/#primaryimage\"},\"image\":{\"@id\":\"https:\/\/superligero.es\/en\/material\/ultralight-kitchen\/ultralight-alcohol-stove\/#primaryimage\"},\"thumbnailUrl\":\"https:\/\/superligero.es\/en\/wp-content\/uploads\/sites\/2\/2018\/01\/hornillo-de-alcohol-ultraligero-Ti-Alcohol-Stove-Evernew-1-SuperLigero.jpg\",\"datePublished\":\"2024-10-13T20:54:01+00:00\",\"dateModified\":\"2026-04-06T22:28:29+00:00\",\"description\":\"Ultralight Evernew Alcohol Stove | Ships from Europe for ultralight hiking and backpacking. Lightweight and durable gear. Ships from Europe. No import fees\",\"breadcrumb\":{\"@id\":\"https:\/\/superligero.es\/en\/material\/ultralight-kitchen\/ultralight-alcohol-stove\/#breadcrumb\"},\"inLanguage\":\"en-US\",\"potentialAction\":[{\"@type\":\"ReadAction\",\"target\":[\"https:\/\/superligero.es\/en\/material\/ultralight-kitchen\/ultralight-alcohol-stove\/\"]}]},{\"@type\":\"ImageObject\",\"inLanguage\":\"en-US\",\"@id\":\"https:\/\/superligero.es\/en\/material\/ultralight-kitchen\/ultralight-alcohol-stove\/#primaryimage\",\"url\":\"https:\/\/superligero.es\/en\/wp-content\/uploads\/sites\/2\/2018\/01\/hornillo-de-alcohol-ultraligero-Ti-Alcohol-Stove-Evernew-1-SuperLigero.jpg\",\"contentUrl\":\"https:\/\/superligero.es\/en\/wp-content\/uploads\/sites\/2\/2018\/01\/hornillo-de-alcohol-ultraligero-Ti-Alcohol-Stove-Evernew-1-SuperLigero.jpg\",\"width\":595,\"height\":738,\"caption\":\"Hornillo de alcohol ultraligero para senderismo\"},{\"@type\":\"BreadcrumbList\",\"@id\":\"https:\/\/superligero.es\/en\/material\/ultralight-kitchen\/ultralight-alcohol-stove\/#breadcrumb\",\"itemListElement\":[{\"@type\":\"ListItem\",\"position\":1,\"name\":\"Portada\",\"item\":\"https:\/\/superligero.es\/en\/\"},{\"@type\":\"ListItem\",\"position\":2,\"name\":\"Productos\",\"item\":\"https:\/\/superligero.es\/en\/productos\/\"},{\"@type\":\"ListItem\",\"position\":3,\"name\":\"Alcohol Stove\"}]},{\"@type\":\"WebSite\",\"@id\":\"https:\/\/superligero.es\/en\/#website\",\"url\":\"https:\/\/superligero.es\/en\/\",\"name\":\"SuperLigero\",\"description\":\"Ultralight outdoor gear for hiking\",\"potentialAction\":[{\"@type\":\"SearchAction\",\"target\":{\"@type\":\"EntryPoint\",\"urlTemplate\":\"https:\/\/superligero.es\/en\/?s={search_term_string}\"},\"query-input\":{\"@type\":\"PropertyValueSpecification\",\"valueRequired\":true,\"valueName\":\"search_term_string\"}}],\"inLanguage\":\"en-US\"}]}<\/script>\n<!-- \/ Yoast SEO Premium plugin. -->","yoast_head_json":{"title":"Ultralight Evernew Alcohol Stove | Ships from Europe","description":"Ultralight Evernew Alcohol Stove | Ships from Europe for ultralight hiking and backpacking. Lightweight and durable gear. Ships from Europe. No import fees","robots":{"index":"index","follow":"follow","max-snippet":"max-snippet:-1","max-image-preview":"max-image-preview:large","max-video-preview":"max-video-preview:-1"},"canonical":"https:\/\/superligero.es\/en\/material\/ultralight-kitchen\/ultralight-alcohol-stove\/","og_locale":"en_US","og_type":"article","og_title":"Alcohol Stove","og_description":"Ultralight Evernew Alcohol Stove | Ships from Europe for ultralight hiking and backpacking. Lightweight and durable gear. Ships from Europe. No import fees","og_url":"https:\/\/superligero.es\/en\/material\/ultralight-kitchen\/ultralight-alcohol-stove\/","og_site_name":"SuperLigero","article_modified_time":"2026-04-06T22:28:29+00:00","og_image":[{"width":595,"height":738,"url":"https:\/\/superligero.es\/en\/wp-content\/uploads\/sites\/2\/2018\/01\/hornillo-de-alcohol-ultraligero-Ti-Alcohol-Stove-Evernew-1-SuperLigero.jpg","type":"image\/jpeg"}],"twitter_card":"summary_large_image","twitter_misc":{"Est. reading time":"2 minutes"},"schema":{"@context":"https:\/\/schema.org","@graph":[{"@type":"WebPage","@id":"https:\/\/superligero.es\/en\/material\/ultralight-kitchen\/ultralight-alcohol-stove\/","url":"https:\/\/superligero.es\/en\/material\/ultralight-kitchen\/ultralight-alcohol-stove\/","name":"Ultralight Evernew Alcohol Stove | Ships from Europe","isPartOf":{"@id":"https:\/\/superligero.es\/en\/#website"},"primaryImageOfPage":{"@id":"https:\/\/superligero.es\/en\/material\/ultralight-kitchen\/ultralight-alcohol-stove\/#primaryimage"},"image":{"@id":"https:\/\/superligero.es\/en\/material\/ultralight-kitchen\/ultralight-alcohol-stove\/#primaryimage"},"thumbnailUrl":"https:\/\/superligero.es\/en\/wp-content\/uploads\/sites\/2\/2018\/01\/hornillo-de-alcohol-ultraligero-Ti-Alcohol-Stove-Evernew-1-SuperLigero.jpg","datePublished":"2024-10-13T20:54:01+00:00","dateModified":"2026-04-06T22:28:29+00:00","description":"Ultralight Evernew Alcohol Stove | Ships from Europe for ultralight hiking and backpacking. Lightweight and durable gear. Ships from Europe. No import fees","breadcrumb":{"@id":"https:\/\/superligero.es\/en\/material\/ultralight-kitchen\/ultralight-alcohol-stove\/#breadcrumb"},"inLanguage":"en-US","potentialAction":[{"@type":"ReadAction","target":["https:\/\/superligero.es\/en\/material\/ultralight-kitchen\/ultralight-alcohol-stove\/"]}]},{"@type":"ImageObject","inLanguage":"en-US","@id":"https:\/\/superligero.es\/en\/material\/ultralight-kitchen\/ultralight-alcohol-stove\/#primaryimage","url":"https:\/\/superligero.es\/en\/wp-content\/uploads\/sites\/2\/2018\/01\/hornillo-de-alcohol-ultraligero-Ti-Alcohol-Stove-Evernew-1-SuperLigero.jpg","contentUrl":"https:\/\/superligero.es\/en\/wp-content\/uploads\/sites\/2\/2018\/01\/hornillo-de-alcohol-ultraligero-Ti-Alcohol-Stove-Evernew-1-SuperLigero.jpg","width":595,"height":738,"caption":"Hornillo de alcohol ultraligero para senderismo"},{"@type":"BreadcrumbList","@id":"https:\/\/superligero.es\/en\/material\/ultralight-kitchen\/ultralight-alcohol-stove\/#breadcrumb","itemListElement":[{"@type":"ListItem","position":1,"name":"Portada","item":"https:\/\/superligero.es\/en\/"},{"@type":"ListItem","position":2,"name":"Productos","item":"https:\/\/superligero.es\/en\/productos\/"},{"@type":"ListItem","position":3,"name":"Alcohol Stove"}]},{"@type":"WebSite","@id":"https:\/\/superligero.es\/en\/#website","url":"https:\/\/superligero.es\/en\/","name":"SuperLigero","description":"Ultralight outdoor gear for hiking","potentialAction":[{"@type":"SearchAction","target":{"@type":"EntryPoint","urlTemplate":"https:\/\/superligero.es\/en\/?s={search_term_string}"},"query-input":{"@type":"PropertyValueSpecification","valueRequired":true,"valueName":"search_term_string"}}],"inLanguage":"en-US"}]}},"_links":{"self":[{"href":"https:\/\/superligero.es\/en\/wp-json\/wp\/v2\/product\/16461","targetHints":{"allow":["GET"]}}],"collection":[{"href":"https:\/\/superligero.es\/en\/wp-json\/wp\/v2\/product"}],"about":[{"href":"https:\/\/superligero.es\/en\/wp-json\/wp\/v2\/types\/product"}],"replies":[{"embeddable":true,"href":"https:\/\/superligero.es\/en\/wp-json\/wp\/v2\/comments?post=16461"}],"wp:featuredmedia":[{"embeddable":true,"href":"https:\/\/superligero.es\/en\/wp-json\/wp\/v2\/media\/3162"}],"wp:attachment":[{"href":"https:\/\/superligero.es\/en\/wp-json\/wp\/v2\/media?parent=16461"}],"wp:term":[{"taxonomy":"product_brand","embeddable":true,"href":"https:\/\/superligero.es\/en\/wp-json\/wp\/v2\/product_brand?post=16461"},{"taxonomy":"product_cat","embeddable":true,"href":"https:\/\/superligero.es\/en\/wp-json\/wp\/v2\/product_cat?post=16461"},{"taxonomy":"product_tag","embeddable":true,"href":"https:\/\/superligero.es\/en\/wp-json\/wp\/v2\/product_tag?post=16461"}],"curies":[{"name":"wp","href":"https:\/\/api.w.org\/{rel}","templated":true}]}}