{"id":3016,"date":"2018-01-03T19:37:43","date_gmt":"2018-01-03T18:37:43","guid":{"rendered":"https:\/\/superligero.es\/?post_type=product&#038;p=3016"},"modified":"2026-03-04T18:37:54","modified_gmt":"2026-03-04T16:37:54","slug":"taza-ultraligera-cup-570fd","status":"publish","type":"product","link":"https:\/\/superligero.es\/en\/material\/discount\/taza-ultraligera-cup-570fd\/","title":{"rendered":"Cup Ti 570FD"},"content":{"rendered":"<p>La taza ultraligera para senderismo\u00a0Ti 570FD\u00a0 est\u00e1 dise\u00f1ada por\u00a0<a href=\"http:\/\/evernew-global.com\/\" target=\"_blank\" rel=\"noopener noreferrer\">Evernew<\/a>\u00a0en Jap\u00f3n. Es lo suficientemente grande como para que un senderista hiervan agua para sus alimentos instant\u00e1neos, para comer y beber.<\/p>\n<div class=\"container\"><iframe class=\"video\" src=\"https:\/\/www.youtube.com\/embed\/g_reTiIHfpQ?rel=0\" width=\"300\" height=\"150\"><\/iframe><\/div>\n<hr \/>\n<h2>Dise\u00f1o<\/h2>\n<p>Para reducir su peso al m\u00e1ximo, su asas plegables est\u00e1n parcialmente recubiertas de silicona en comparaci\u00f3n con otros modelos de la misma marca. Esto no es significativamente importante, pero para los m\u00e1s puristas, en donde cada gramos cuenta, es un detalle.<\/p>\n<p>Otro punto a favor en el dise\u00f1o, son los bordes enrollados que nos permiten verter con facilidad, disminuyendo el riesgo de derrames.\u00a0Adem\u00e1s, lleva l\u00edneas de volumen en su interior que te permiten medir con exactitud la cantidad de agua.<\/p>\n<p><img decoding=\"async\" class=\"alignnone size-full wp-image-6802\" src=\"https:\/\/superligero.es\/wp-content\/uploads\/sites\/2\/2018\/01\/taza-ultraligera-para-senderismo-24-SuperLigero.jpg\" alt=\"taza ultraligera para senderismo\" width=\"640\" height=\"480\" srcset=\"https:\/\/superligero.es\/en\/wp-content\/uploads\/sites\/2\/2018\/01\/taza-ultraligera-para-senderismo-24-SuperLigero.jpg 640w, https:\/\/superligero.es\/en\/wp-content\/uploads\/sites\/2\/2018\/01\/taza-ultraligera-para-senderismo-24-SuperLigero-350x263.jpg 350w, https:\/\/superligero.es\/en\/wp-content\/uploads\/sites\/2\/2018\/01\/taza-ultraligera-para-senderismo-24-SuperLigero-595x446.jpg 595w, https:\/\/superligero.es\/en\/wp-content\/uploads\/sites\/2\/2018\/01\/taza-ultraligera-para-senderismo-24-SuperLigero-380x285.jpg 380w\" sizes=\"(max-width: 640px) 100vw, 640px\" \/><\/p>\n<p>Foto @<a class=\"FPmhX notranslate TlrDj\" title=\"thekevinunderwood\" href=\"https:\/\/www.instagram.com\/thekevinunderwood\/\" target=\"_blank\" rel=\"noopener noreferrer\">thekevinunderwood<\/a><\/p>\n<hr \/>\n<h2>Cuando usarla<\/h2>\n<p>Nadie parece capaz de averiguar con seguridad cual es el tama\u00f1o idea para una taza para senderismo; \u00bf<a href=\"https:\/\/superligero.es\/material\/cocina\/taza-ligera-para-senderismo-300-ml\/\">300ml<\/a>, <a href=\"https:\/\/superligero.es\/material\/cocina\/taza-para-senderismo-400ml\/\">400ml<\/a> o\u00a0570ml? Depender\u00e1 del tipo de uso que le vayas a dar. No ser\u00e1 los mismo usarla solo para beber aguar que para hervirla para cenar. En este caso, 570ml te permite sobradamente cocinar para 1 persona.<\/p>\n<p><img decoding=\"async\" class=\"alignnone size-full wp-image-6801\" src=\"https:\/\/superligero.es\/wp-content\/uploads\/sites\/2\/2018\/01\/taza-ultraligera-para-senderismo-21-SuperLigero.jpg\" alt=\"taza ultraligera para senderismo\" width=\"640\" height=\"480\" srcset=\"https:\/\/superligero.es\/en\/wp-content\/uploads\/sites\/2\/2018\/01\/taza-ultraligera-para-senderismo-21-SuperLigero.jpg 640w, https:\/\/superligero.es\/en\/wp-content\/uploads\/sites\/2\/2018\/01\/taza-ultraligera-para-senderismo-21-SuperLigero-350x263.jpg 350w, https:\/\/superligero.es\/en\/wp-content\/uploads\/sites\/2\/2018\/01\/taza-ultraligera-para-senderismo-21-SuperLigero-595x446.jpg 595w, https:\/\/superligero.es\/en\/wp-content\/uploads\/sites\/2\/2018\/01\/taza-ultraligera-para-senderismo-21-SuperLigero-380x285.jpg 380w\" sizes=\"(max-width: 640px) 100vw, 640px\" \/><\/p>\n<p>Foto @<a class=\"FPmhX notranslate TlrDj\" title=\"akinishy\" href=\"https:\/\/www.instagram.com\/akinishy\/\" target=\"_blank\" rel=\"noopener noreferrer\">akinishy<\/a><\/p>\n<hr \/>\n<h2>Hecho de Titanio Grado 1 y 2<\/h2>\n<p>El titanio es un metal extremadamente ligero y resistente. No se oxida ni se corroe con la humedad por lo que tiene una alta durabilidad. El titanio en en su composici\u00f3n m\u00e1s pura no se suele utilizar comercialmente y se mezcla con otros metales para conseguir aleaciones con mejores prestaciones y\u00a0para abaratar su precio.\u00a0<a href=\"https:\/\/superligero.es\/utensilios-de-cocina-de-titanio-para-senderismo\/\">Te lo explico aqu\u00ed<\/a>.<\/p>\n<p>Para diferenciar la calidad de cada aleaci\u00f3n de titanio, se dividen en Grados que son reguladas por un organismos internacional llamado <a href=\"https:\/\/www.astm.org\/\" target=\"_blank\" rel=\"noopener noreferrer\">ASTM<\/a>. Evernew utiliza una aleaci\u00f3n de titanio de Grado 1 y 2, con un espesor de solo 3mm, considerado como el titanio m\u00e1s puro comercialmente con m\u00e1s del 99% de pureza.<\/p>\n<hr \/>\n<h2>Especificaciones<\/h2>\n<ul>\n<li>Modelo EBY278R<\/li>\n<li>Suficiente volumen para cocinar una sopa o fideos.<\/li>\n<li>Marcas de volumen en el interior que permiten medir l\u00edquidos con mayor facilidad.<\/li>\n<li>Borde enrollado dise\u00f1ado especialmente para verter de forma perfecta.<\/li>\n<li>Mayor superficie de contacto para mejorar la eficiencia de calentamiento.<\/li>\n<li>Tama\u00f1o ideal que permite guardar en su interior la taza EVERNEW 400FD.<\/li>\n<\/ul>\n<hr \/>\n<h2>Tablas de medidas<\/h2>\n<table style=\"height: 83px\" width=\"645\">\n<tbody>\n<tr>\n<td colspan=\"2\" width=\"197\">\n<h4>Dimensiones: Pesos y medidas<\/h4>\n<\/td>\n<\/tr>\n<tr>\n<td width=\"197\">Peso<\/td>\n<td width=\"80\">55 gr<\/td>\n<\/tr>\n<tr>\n<td>Medidas<\/td>\n<td>12 x 6.1 cm<\/td>\n<\/tr>\n<tr>\n<td>Capacidad o volumen<\/td>\n<td>570 ml<\/td>\n<\/tr>\n<\/tbody>\n<\/table>\n<p>&nbsp;<\/p>\n<hr \/>\n<h2>Valoraciones y rese\u00f1as<\/h2>\n","protected":false},"excerpt":{"rendered":"<p>Esta hecha de titanio y tiene el volumen justo para hervir o cocinar para 1 persona. Lleva asas plegables con silicona para una agarre m\u00e1s c\u00f3modo y seguro. Trae marcas de volumen en su interior para una medici\u00f3n c\u00f3moda. Y es extremamente resistente y ligera.<\/p>\n","protected":false},"featured_media":3174,"comment_status":"open","ping_status":"closed","template":"","meta":{"_trash_the_other_posts":false},"product_brand":[1786],"product_cat":[2729],"product_tag":[],"class_list":{"0":"post-3016","1":"product","2":"type-product","3":"status-publish","4":"has-post-thumbnail","6":"product_brand-evernew","7":"product_cat-discount","9":"first","10":"outofstock","11":"taxable","12":"shipping-taxable","13":"purchasable","14":"product-type-simple"},"yoast_head":"<!-- This site is optimized with the Yoast SEO Premium plugin v27.0 (Yoast SEO v27.1) - https:\/\/yoast.com\/product\/yoast-seo-premium-wordpress\/ -->\n<title>Ultralight Tent Evernew Europe Cup Ti 570FD | Ships from Europe<\/title>\n<meta name=\"description\" content=\"Ultralight Tent Evernew Europe Cup Ti 570FD | Ships from Europe for ultralight hiking and backpacking. Lightweight and durable gear. Ships from Europe. No\u00a0\" \/>\n<meta name=\"robots\" content=\"index, follow, max-snippet:-1, max-image-preview:large, max-video-preview:-1\" \/>\n<link rel=\"canonical\" href=\"https:\/\/superligero.es\/en\/material\/discount\/taza-ultraligera-cup-570fd\/\" \/>\n<meta property=\"og:locale\" content=\"en_US\" \/>\n<meta property=\"og:type\" content=\"article\" \/>\n<meta property=\"og:title\" content=\"Cup Ti 570FD\" \/>\n<meta property=\"og:description\" content=\"Ultralight Tent Evernew Europe Cup Ti 570FD | Ships from Europe for ultralight hiking and backpacking. Lightweight and durable gear. Ships from Europe. No\u00a0\" \/>\n<meta property=\"og:url\" content=\"https:\/\/superligero.es\/en\/material\/discount\/taza-ultraligera-cup-570fd\/\" \/>\n<meta property=\"og:site_name\" content=\"SuperLigero\" \/>\n<meta property=\"article:modified_time\" content=\"2026-03-04T16:37:54+00:00\" \/>\n<meta property=\"og:image\" content=\"https:\/\/superligero.es\/en\/wp-content\/uploads\/sites\/2\/2018\/01\/taza-ultraligera-para-senderismo-Titanium-Cup-570FD-Evernew-1-SuperLigero.jpg\" \/>\n\t<meta property=\"og:image:width\" content=\"595\" \/>\n\t<meta property=\"og:image:height\" content=\"738\" \/>\n\t<meta property=\"og:image:type\" content=\"image\/jpeg\" \/>\n<meta name=\"twitter:card\" content=\"summary_large_image\" \/>\n<meta name=\"twitter:label1\" content=\"Est. reading time\" \/>\n\t<meta name=\"twitter:data1\" content=\"3 minutes\" \/>\n<script type=\"application\/ld+json\" class=\"yoast-schema-graph\">{\"@context\":\"https:\/\/schema.org\",\"@graph\":[{\"@type\":\"WebPage\",\"@id\":\"https:\/\/superligero.es\/en\/material\/discount\/taza-ultraligera-cup-570fd\/\",\"url\":\"https:\/\/superligero.es\/en\/material\/discount\/taza-ultraligera-cup-570fd\/\",\"name\":\"Ultralight Tent Evernew Europe Cup Ti 570FD | Ships from Europe\",\"isPartOf\":{\"@id\":\"https:\/\/superligero.es\/en\/#website\"},\"primaryImageOfPage\":{\"@id\":\"https:\/\/superligero.es\/en\/material\/discount\/taza-ultraligera-cup-570fd\/#primaryimage\"},\"image\":{\"@id\":\"https:\/\/superligero.es\/en\/material\/discount\/taza-ultraligera-cup-570fd\/#primaryimage\"},\"thumbnailUrl\":\"https:\/\/superligero.es\/en\/wp-content\/uploads\/sites\/2\/2018\/01\/taza-ultraligera-para-senderismo-Titanium-Cup-570FD-Evernew-1-SuperLigero.jpg\",\"datePublished\":\"2018-01-03T18:37:43+00:00\",\"dateModified\":\"2026-03-04T16:37:54+00:00\",\"description\":\"Ultralight Tent Evernew Europe Cup Ti 570FD | Ships from Europe for ultralight hiking and backpacking. Lightweight and durable gear. Ships from Europe. No\u00a0\",\"breadcrumb\":{\"@id\":\"https:\/\/superligero.es\/en\/material\/discount\/taza-ultraligera-cup-570fd\/#breadcrumb\"},\"inLanguage\":\"en-US\",\"potentialAction\":[{\"@type\":\"ReadAction\",\"target\":[\"https:\/\/superligero.es\/en\/material\/discount\/taza-ultraligera-cup-570fd\/\"]}]},{\"@type\":\"ImageObject\",\"inLanguage\":\"en-US\",\"@id\":\"https:\/\/superligero.es\/en\/material\/discount\/taza-ultraligera-cup-570fd\/#primaryimage\",\"url\":\"https:\/\/superligero.es\/en\/wp-content\/uploads\/sites\/2\/2018\/01\/taza-ultraligera-para-senderismo-Titanium-Cup-570FD-Evernew-1-SuperLigero.jpg\",\"contentUrl\":\"https:\/\/superligero.es\/en\/wp-content\/uploads\/sites\/2\/2018\/01\/taza-ultraligera-para-senderismo-Titanium-Cup-570FD-Evernew-1-SuperLigero.jpg\",\"width\":595,\"height\":738,\"caption\":\"taza ultraligera para senderismo\"},{\"@type\":\"BreadcrumbList\",\"@id\":\"https:\/\/superligero.es\/en\/material\/discount\/taza-ultraligera-cup-570fd\/#breadcrumb\",\"itemListElement\":[{\"@type\":\"ListItem\",\"position\":1,\"name\":\"Portada\",\"item\":\"https:\/\/superligero.es\/en\/\"},{\"@type\":\"ListItem\",\"position\":2,\"name\":\"Productos\",\"item\":\"https:\/\/superligero.es\/en\/productos\/\"},{\"@type\":\"ListItem\",\"position\":3,\"name\":\"Cup Ti 570FD\"}]},{\"@type\":\"WebSite\",\"@id\":\"https:\/\/superligero.es\/en\/#website\",\"url\":\"https:\/\/superligero.es\/en\/\",\"name\":\"SuperLigero\",\"description\":\"Ultralight outdoor gear for hiking\",\"potentialAction\":[{\"@type\":\"SearchAction\",\"target\":{\"@type\":\"EntryPoint\",\"urlTemplate\":\"https:\/\/superligero.es\/en\/?s={search_term_string}\"},\"query-input\":{\"@type\":\"PropertyValueSpecification\",\"valueRequired\":true,\"valueName\":\"search_term_string\"}}],\"inLanguage\":\"en-US\"}]}<\/script>\n<!-- \/ Yoast SEO Premium plugin. -->","yoast_head_json":{"title":"Ultralight Tent Evernew Europe Cup Ti 570FD | Ships from Europe","description":"Ultralight Tent Evernew Europe Cup Ti 570FD | Ships from Europe for ultralight hiking and backpacking. Lightweight and durable gear. Ships from Europe. No\u00a0","robots":{"index":"index","follow":"follow","max-snippet":"max-snippet:-1","max-image-preview":"max-image-preview:large","max-video-preview":"max-video-preview:-1"},"canonical":"https:\/\/superligero.es\/en\/material\/discount\/taza-ultraligera-cup-570fd\/","og_locale":"en_US","og_type":"article","og_title":"Cup Ti 570FD","og_description":"Ultralight Tent Evernew Europe Cup Ti 570FD | Ships from Europe for ultralight hiking and backpacking. Lightweight and durable gear. Ships from Europe. No\u00a0","og_url":"https:\/\/superligero.es\/en\/material\/discount\/taza-ultraligera-cup-570fd\/","og_site_name":"SuperLigero","article_modified_time":"2026-03-04T16:37:54+00:00","og_image":[{"width":595,"height":738,"url":"https:\/\/superligero.es\/en\/wp-content\/uploads\/sites\/2\/2018\/01\/taza-ultraligera-para-senderismo-Titanium-Cup-570FD-Evernew-1-SuperLigero.jpg","type":"image\/jpeg"}],"twitter_card":"summary_large_image","twitter_misc":{"Est. reading time":"3 minutes"},"schema":{"@context":"https:\/\/schema.org","@graph":[{"@type":"WebPage","@id":"https:\/\/superligero.es\/en\/material\/discount\/taza-ultraligera-cup-570fd\/","url":"https:\/\/superligero.es\/en\/material\/discount\/taza-ultraligera-cup-570fd\/","name":"Ultralight Tent Evernew Europe Cup Ti 570FD | Ships from Europe","isPartOf":{"@id":"https:\/\/superligero.es\/en\/#website"},"primaryImageOfPage":{"@id":"https:\/\/superligero.es\/en\/material\/discount\/taza-ultraligera-cup-570fd\/#primaryimage"},"image":{"@id":"https:\/\/superligero.es\/en\/material\/discount\/taza-ultraligera-cup-570fd\/#primaryimage"},"thumbnailUrl":"https:\/\/superligero.es\/en\/wp-content\/uploads\/sites\/2\/2018\/01\/taza-ultraligera-para-senderismo-Titanium-Cup-570FD-Evernew-1-SuperLigero.jpg","datePublished":"2018-01-03T18:37:43+00:00","dateModified":"2026-03-04T16:37:54+00:00","description":"Ultralight Tent Evernew Europe Cup Ti 570FD | Ships from Europe for ultralight hiking and backpacking. Lightweight and durable gear. Ships from Europe. No\u00a0","breadcrumb":{"@id":"https:\/\/superligero.es\/en\/material\/discount\/taza-ultraligera-cup-570fd\/#breadcrumb"},"inLanguage":"en-US","potentialAction":[{"@type":"ReadAction","target":["https:\/\/superligero.es\/en\/material\/discount\/taza-ultraligera-cup-570fd\/"]}]},{"@type":"ImageObject","inLanguage":"en-US","@id":"https:\/\/superligero.es\/en\/material\/discount\/taza-ultraligera-cup-570fd\/#primaryimage","url":"https:\/\/superligero.es\/en\/wp-content\/uploads\/sites\/2\/2018\/01\/taza-ultraligera-para-senderismo-Titanium-Cup-570FD-Evernew-1-SuperLigero.jpg","contentUrl":"https:\/\/superligero.es\/en\/wp-content\/uploads\/sites\/2\/2018\/01\/taza-ultraligera-para-senderismo-Titanium-Cup-570FD-Evernew-1-SuperLigero.jpg","width":595,"height":738,"caption":"taza ultraligera para senderismo"},{"@type":"BreadcrumbList","@id":"https:\/\/superligero.es\/en\/material\/discount\/taza-ultraligera-cup-570fd\/#breadcrumb","itemListElement":[{"@type":"ListItem","position":1,"name":"Portada","item":"https:\/\/superligero.es\/en\/"},{"@type":"ListItem","position":2,"name":"Productos","item":"https:\/\/superligero.es\/en\/productos\/"},{"@type":"ListItem","position":3,"name":"Cup Ti 570FD"}]},{"@type":"WebSite","@id":"https:\/\/superligero.es\/en\/#website","url":"https:\/\/superligero.es\/en\/","name":"SuperLigero","description":"Ultralight outdoor gear for hiking","potentialAction":[{"@type":"SearchAction","target":{"@type":"EntryPoint","urlTemplate":"https:\/\/superligero.es\/en\/?s={search_term_string}"},"query-input":{"@type":"PropertyValueSpecification","valueRequired":true,"valueName":"search_term_string"}}],"inLanguage":"en-US"}]}},"_links":{"self":[{"href":"https:\/\/superligero.es\/en\/wp-json\/wp\/v2\/product\/3016","targetHints":{"allow":["GET"]}}],"collection":[{"href":"https:\/\/superligero.es\/en\/wp-json\/wp\/v2\/product"}],"about":[{"href":"https:\/\/superligero.es\/en\/wp-json\/wp\/v2\/types\/product"}],"replies":[{"embeddable":true,"href":"https:\/\/superligero.es\/en\/wp-json\/wp\/v2\/comments?post=3016"}],"wp:featuredmedia":[{"embeddable":true,"href":"https:\/\/superligero.es\/en\/wp-json\/wp\/v2\/media\/3174"}],"wp:attachment":[{"href":"https:\/\/superligero.es\/en\/wp-json\/wp\/v2\/media?parent=3016"}],"wp:term":[{"taxonomy":"product_brand","embeddable":true,"href":"https:\/\/superligero.es\/en\/wp-json\/wp\/v2\/product_brand?post=3016"},{"taxonomy":"product_cat","embeddable":true,"href":"https:\/\/superligero.es\/en\/wp-json\/wp\/v2\/product_cat?post=3016"},{"taxonomy":"product_tag","embeddable":true,"href":"https:\/\/superligero.es\/en\/wp-json\/wp\/v2\/product_tag?post=3016"}],"curies":[{"name":"wp","href":"https:\/\/api.w.org\/{rel}","templated":true}]}}