{"id":3017,"date":"2018-01-03T20:37:44","date_gmt":"2018-01-03T19:37:44","guid":{"rendered":"https:\/\/superligero.es\/?post_type=product&#038;p=3017"},"modified":"2026-03-04T18:38:01","modified_gmt":"2026-03-04T16:38:01","slug":"soporte-para-hornillo-de-alcohol","status":"publish","type":"product","link":"https:\/\/superligero.es\/en\/material\/discount\/soporte-para-hornillo-de-alcohol\/","title":{"rendered":"Ti Trive 2 Support"},"content":{"rendered":"<p>Este soporte para hornillo de alcohol fabricado en Jap\u00f3n por <a href=\"http:\/\/evernew-global.com\/\" target=\"_blank\" rel=\"noopener noreferrer\">Evernew<\/a>\u00a0te ayuda a estabilizar tus recipientes y a aumentar la eficiencia de combusti\u00f3n. Adem\u00e1s, debido a que es una pieza plana, podr\u00e1s guardarla en cualquier rinc\u00f3n de tu mochila.<\/p>\n<div class=\"container\"><iframe class=\"video\" src=\"https:\/\/www.youtube.com\/embed\/_GYxChK1xws?rel=0\" width=\"300\" height=\"150\"><\/iframe><\/div>\n<hr \/>\n<h2>Cuando usarlo<\/h2>\n<p>Dependiendo del dise\u00f1o, la salida de la llama de ciertos hornillos puede disiparse por fuera del recipiente, lo que puede llegar a ser un desperdicio de combustible. Usar un soporte como este encima del hornillo y levantar el recipiente unos 2 cm hace que la llama se concentre en el centro de tu olla, mejorando notablemente su eficiencia.<\/p>\n<p>Este soporte para hornillo de alcohol es lo suficientemente estable como para cocinar para varias personas. Aunque tiene m\u00e1s sentido y recomendamos utilizarlo con recipientes de hasta 1.5 litros.<\/p>\n<div class=\"woocommerce columns-3 \"><ul class=\"nm-products products xsmall-block-grid-2 small-block-grid-2 medium-block-grid-3 large-block-grid-3 grid-default layout-default attributes-position-thumbnail no-action-links\">\r\n<li class=\"product type-product post-3019 status-publish first outofstock product_cat-discount has-post-thumbnail taxable shipping-taxable purchasable product-type-simple sl-oos\" data-product-id=\"3019\">\n\t<div class=\"nm-shop-loop-product-wrap\">\n\t    \n        \n        <div class=\"nm-shop-loop-thumbnail\">\n           \n            \n            <a href=\"https:\/\/superligero.es\/en\/material\/discount\/taza-para-senderismo-400ml\/\" class=\"nm-shop-loop-thumbnail-link woocommerce-LoopProduct-link\">\n            <img decoding=\"async\" width=\"350\" height=\"434\" src=\"https:\/\/superligero.es\/en\/wp-content\/uploads\/sites\/2\/2018\/01\/taza-ultraligera-para-trekking-Ti-Cup-400-FD-Evernew-1-SuperLigero-350x434.jpg\" class=\"attachment-woocommerce_thumbnail size-woocommerce_thumbnail\" alt=\"taza para senderismo\" srcset=\"https:\/\/superligero.es\/en\/wp-content\/uploads\/sites\/2\/2018\/01\/taza-ultraligera-para-trekking-Ti-Cup-400-FD-Evernew-1-SuperLigero-350x434.jpg 350w, https:\/\/superligero.es\/en\/wp-content\/uploads\/sites\/2\/2018\/01\/taza-ultraligera-para-trekking-Ti-Cup-400-FD-Evernew-1-SuperLigero.jpg 595w, https:\/\/superligero.es\/en\/wp-content\/uploads\/sites\/2\/2018\/01\/taza-ultraligera-para-trekking-Ti-Cup-400-FD-Evernew-1-SuperLigero-306x380.jpg 306w, https:\/\/superligero.es\/en\/wp-content\/uploads\/sites\/2\/2018\/01\/taza-ultraligera-para-trekking-Ti-Cup-400-FD-Evernew-1-SuperLigero-300x372.jpg 300w\" sizes=\"(max-width: 350px) 100vw, 350px\" \/>            <\/a>\n        <\/div>\n\n        <div class=\"nm-shop-loop-details\">\n                        <div class=\"nm-shop-loop-title-price\">\n            <h3 class=\"woocommerce-loop-product__title\"><a href=\"https:\/\/superligero.es\/en\/material\/discount\/taza-para-senderismo-400ml\/\" class=\"nm-shop-loop-title-link woocommerce-LoopProduct-link\">Cup Ti 400 FD<\/a><\/h3>            <\/div>\n\t\t\t\t\t\t\t\t\t\t\t\n\t\t\t\t\t\t\t\t\t\t\t\n<span class=\"peso\">\n    50gr<\/span>\n\n\n\n\t\t\t\t\t\t\t\t\t\t\t\n\t\t\t\t\t\t\t\t\t\t\t\n\t\t\t\t\t\t\t\t\t\t\t\n\t\t\t\t\t\t\t\t\t\t\t\n\t\t\t\t\t\t\t\t\t\t\t\n\t\t\t\t\t\t\t\t\t\t\t\n\t\t\t\t\t\t\t\t\t\t\t\n\t\t\t\t\t\t\t\t\t\t\t\n\t\t\t\t\t\t\t\t\t\t\t\n\n\t\t\t\t \t<div class=\"nm-shop-loop-title-price\">\n\t\t\t\t\t \t\r\n\t<span class=\"price\"><span class=\"woocommerce-Price-amount amount\"><bdi>28<span class=\"woocommerce-Price-currencySymbol\">&euro;<\/span><\/bdi><\/span><\/span>\r\n\t\t\t\t\t\t<\/div>\n            <div class=\"nm-shop-loop-actions\">\n            <span class=\"gtm4wp_productdata\" style=\"display:none; visibility:hidden;\" data-gtm4wp_product_data=\"{&quot;internal_id&quot;:3019,&quot;item_id&quot;:3019,&quot;item_name&quot;:&quot;Cup Ti 400 FD&quot;,&quot;sku&quot;:&quot;075&quot;,&quot;price&quot;:28,&quot;stocklevel&quot;:0,&quot;stockstatus&quot;:&quot;outofstock&quot;,&quot;google_business_vertical&quot;:&quot;retail&quot;,&quot;item_category&quot;:&quot;Discount&quot;,&quot;id&quot;:3019,&quot;productlink&quot;:&quot;https:\\\/\\\/superligero.es\\\/en\\\/material\\\/discount\\\/taza-para-senderismo-400ml\\\/&quot;,&quot;item_list_name&quot;:&quot;General Product List&quot;,&quot;index&quot;:1,&quot;product_type&quot;:&quot;simple&quot;,&quot;item_brand&quot;:&quot;&quot;}\"><\/span>            <\/div>\n        <\/div>\n\n            <\/div>\n<\/li>\n<\/ul>\r\n<\/div>\n<hr \/>\n<h2>Eficiencia<\/h2>\n<p>El soporte deja tu recipiente a la altura \u00f3ptima por encima del hornillo de alcohol. De este modo, mejora su rendimiento y optimiza su uso. Hace que se consuma menos combustible y mejora la eficiencia calor\u00edfica. En resumen, tus alimentos estar\u00e1n m\u00e1s r\u00e1pido y con menos gasto de combustible.<\/p>\n<p>Adem\u00e1s,\u00a0su dise\u00f1o en cruz proporciona un barrera relativamente eficaz para el viento lateral. En caso de fuertes vientos, posiblemente necesite un cortavientos que envuelva todo el hornillo. Para ello, te recomendamos comprar el cortavientos de Toaks con un peso de solo 14 gramos.<\/p>\n<div class=\"woocommerce columns-3 \"><ul class=\"nm-products products xsmall-block-grid-2 small-block-grid-2 medium-block-grid-3 large-block-grid-3 grid-default layout-default attributes-position-thumbnail no-action-links\">\r\n<li class=\"product type-product post-3031 status-publish first instock product_cat-ultralight-kitchen has-post-thumbnail taxable shipping-taxable purchasable product-type-simple\" data-product-id=\"3031\">\n\t<div class=\"nm-shop-loop-product-wrap\">\n\t    \n        \n        <div class=\"nm-shop-loop-thumbnail\">\n           \n            \n            <a href=\"https:\/\/superligero.es\/en\/material\/ultralight-kitchen\/ultralight-stove-windscreen\/\" class=\"nm-shop-loop-thumbnail-link woocommerce-LoopProduct-link\">\n            <img decoding=\"async\" width=\"350\" height=\"434\" src=\"https:\/\/superligero.es\/en\/wp-content\/uploads\/sites\/2\/2018\/01\/cortavientos-ultraligero-de-titanio-Ti-Wind-Screenl-Toaks-1-SuperLigero-350x434.jpg\" class=\"attachment-woocommerce_thumbnail size-woocommerce_thumbnail\" alt=\"cortavientos ultraligero para hornillos\" srcset=\"https:\/\/superligero.es\/en\/wp-content\/uploads\/sites\/2\/2018\/01\/cortavientos-ultraligero-de-titanio-Ti-Wind-Screenl-Toaks-1-SuperLigero-350x434.jpg 350w, https:\/\/superligero.es\/en\/wp-content\/uploads\/sites\/2\/2018\/01\/cortavientos-ultraligero-de-titanio-Ti-Wind-Screenl-Toaks-1-SuperLigero.jpg 595w, https:\/\/superligero.es\/en\/wp-content\/uploads\/sites\/2\/2018\/01\/cortavientos-ultraligero-de-titanio-Ti-Wind-Screenl-Toaks-1-SuperLigero-306x380.jpg 306w, https:\/\/superligero.es\/en\/wp-content\/uploads\/sites\/2\/2018\/01\/cortavientos-ultraligero-de-titanio-Ti-Wind-Screenl-Toaks-1-SuperLigero-300x372.jpg 300w\" sizes=\"(max-width: 350px) 100vw, 350px\" \/>            <\/a>\n        <\/div>\n\n        <div class=\"nm-shop-loop-details\">\n                        <div class=\"nm-shop-loop-title-price\">\n            <h3 class=\"woocommerce-loop-product__title\"><a href=\"https:\/\/superligero.es\/en\/material\/ultralight-kitchen\/ultralight-stove-windscreen\/\" class=\"nm-shop-loop-title-link woocommerce-LoopProduct-link\">UL Wind Screen<\/a><\/h3>            <\/div>\n\t\t\t\t\t\t\t\t\t\t\t\n\t\t\t\t\t\t\t\t\t\t\t\n<span class=\"peso\">\n    14gr<\/span>\n\n\n\n\t\t\t\t\t\t\t\t\t\t\t\n\t\t\t\t\t\t\t\t\t\t\t\n\t\t\t\t\t\t\t\t\t\t\t\n\t\t\t\t\t\t\t\t\t\t\t\n\t\t\t\t\t\t\t\t\t\t\t\n\t\t\t\t\t\t\t\t\t\t\t\n\t\t\t\t\t\t\t\t\t\t\t\n\t\t\t\t\t\t\t\t\t\t\t\n\t\t\t\t\t\t\t\t\t\t\t\n\n\t\t\t\t \t<div class=\"nm-shop-loop-title-price\">\n\t\t\t\t\t \t\r\n\t<span class=\"price\"><span class=\"woocommerce-Price-amount amount\"><bdi>16<span class=\"woocommerce-Price-currencySymbol\">&euro;<\/span><\/bdi><\/span><\/span>\r\n\t\t\t\t\t\t<\/div>\n            <div class=\"nm-shop-loop-actions\">\n            <span class=\"gtm4wp_productdata\" style=\"display:none; visibility:hidden;\" data-gtm4wp_product_data=\"{&quot;internal_id&quot;:3031,&quot;item_id&quot;:3031,&quot;item_name&quot;:&quot;UL Wind Screen&quot;,&quot;sku&quot;:&quot;066&quot;,&quot;price&quot;:16,&quot;stocklevel&quot;:4,&quot;stockstatus&quot;:&quot;instock&quot;,&quot;google_business_vertical&quot;:&quot;retail&quot;,&quot;item_category&quot;:&quot;Kitchen&quot;,&quot;id&quot;:3031,&quot;productlink&quot;:&quot;https:\\\/\\\/superligero.es\\\/en\\\/material\\\/ultralight-kitchen\\\/ultralight-stove-windscreen\\\/&quot;,&quot;item_list_name&quot;:&quot;General Product List&quot;,&quot;index&quot;:1,&quot;product_type&quot;:&quot;simple&quot;,&quot;item_brand&quot;:&quot;&quot;}\"><\/span>            <\/div>\n        <\/div>\n\n            <\/div>\n<\/li>\n<\/ul>\r\n<\/div>\n<hr \/>\n<h2>Hecho de Titanio Grado 1 y 2<\/h2>\n<p>El titanio es un metal extremadamente ligero y resistente. No se oxida ni se corroe con la humedad por lo que tiene una alta durabilidad. El titanio en en su composici\u00f3n m\u00e1s pura no se suele utilizar comercialmente y se mezcla con otros metales para conseguir aleaciones con mejores prestaciones o para abaratar su precio.\u00a0<a href=\"https:\/\/superligero.es\/utensilios-de-cocina-de-titanio-para-senderismo\/\">Te lo explico aqu\u00ed.<\/a><\/p>\n<p>Para diferenciar la calidad de cada aleaci\u00f3n, se dividen en Grados que son reguladas por un organismos internacional llamado\u00a0<a href=\"https:\/\/www.astm.org\/\" target=\"_blank\" rel=\"noopener noreferrer\">ASTM<\/a>. Evernew utiliza una aleaci\u00f3n de titanio de Grado 1 y 2 considerado como el titanio m\u00e1s puro comercialmente con m\u00e1s del 99% de pureza.<\/p>\n<p><img decoding=\"async\" class=\"alignnone size-full wp-image-6803\" src=\"https:\/\/superligero.es\/wp-content\/uploads\/sites\/2\/2018\/01\/soporte-para-hornillo-de-alcohol-21-SuperLigero.jpg\" alt=\"soporte para hornillo de alcohol\" width=\"640\" height=\"480\" srcset=\"https:\/\/superligero.es\/en\/wp-content\/uploads\/sites\/2\/2018\/01\/soporte-para-hornillo-de-alcohol-21-SuperLigero.jpg 640w, https:\/\/superligero.es\/en\/wp-content\/uploads\/sites\/2\/2018\/01\/soporte-para-hornillo-de-alcohol-21-SuperLigero-350x263.jpg 350w, https:\/\/superligero.es\/en\/wp-content\/uploads\/sites\/2\/2018\/01\/soporte-para-hornillo-de-alcohol-21-SuperLigero-595x446.jpg 595w, https:\/\/superligero.es\/en\/wp-content\/uploads\/sites\/2\/2018\/01\/soporte-para-hornillo-de-alcohol-21-SuperLigero-380x285.jpg 380w\" sizes=\"(max-width: 640px) 100vw, 640px\" \/><\/p>\n<div class=\"texto-instagram\">\n<p>Foto @<a class=\"FPmhX notranslate TlrDj\" title=\"ma_yu.coma\" href=\"https:\/\/www.instagram.com\/ma_yu.coma\/\" target=\"_blank\" rel=\"noopener noreferrer\">ma_yu.coma<\/a><\/p>\n<\/div>\n<hr \/>\n<h2>Especificaciones<\/h2>\n<ul>\n<li>Modelo EBY258<\/li>\n<li>Puede ser utilizado con el hornillo de alcohol de la marca Tranglia.<\/li>\n<li>Se puede usar tambi\u00e9n con combustible s\u00f3lido<\/li>\n<li>Dise\u00f1ado para encajar perfectamente en el hornillo de alcohol de EVERNEW (<a href=\"https:\/\/superligero.es\/material\/cocina\/hornillo-de-alcohol-ultraligero\/\">puedes verlo aqu\u00ed<\/a>)<\/li>\n<\/ul>\n<hr \/>\n<h2>\u00a0Tablas de medidas<\/h2>\n<table style=\"height: 187px\" width=\"551\">\n<tbody>\n<tr>\n<td colspan=\"2\" width=\"197\">\n<h4>Dimensiones<\/h4>\n<\/td>\n<\/tr>\n<tr>\n<td width=\"197\">Peso<\/td>\n<td width=\"80\">13 gr<\/td>\n<\/tr>\n<tr>\n<td>Medidas<\/td>\n<td>8.1 x 4 cm<\/td>\n<\/tr>\n<\/tbody>\n<\/table>\n<p>&nbsp;<\/p>\n<hr \/>\n<h2>Valoraciones y rese\u00f1as<\/h2>\n","protected":false},"excerpt":{"rendered":"<p>Este soporte se coloca encima del hornillo aportando un\u00a0\u00e1rea estable y segura\u00a0para tus recipientes. Adem\u00e1s, concentra la llama en el centro mejorando su eficacia haci\u00e9ndote ahorrar combustible. Hecho de titanio, es extremadamente ligero y resistente.<\/p>\n","protected":false},"featured_media":3165,"comment_status":"open","ping_status":"closed","template":"","meta":{"_trash_the_other_posts":false},"product_brand":[1786],"product_cat":[2729],"product_tag":[],"class_list":{"0":"post-3017","1":"product","2":"type-product","3":"status-publish","4":"has-post-thumbnail","6":"product_brand-evernew","7":"product_cat-discount","9":"first","10":"outofstock","11":"taxable","12":"shipping-taxable","13":"purchasable","14":"product-type-simple"},"yoast_head":"<!-- This site is optimized with the Yoast SEO Premium plugin v27.0 (Yoast SEO v27.1) - https:\/\/yoast.com\/product\/yoast-seo-premium-wordpress\/ -->\n<title>Evernew Europe Ti Trive 2 Support | Ships from Europe<\/title>\n<meta name=\"description\" content=\"Evernew Europe Ti Trive 2 Support | Ships from Europe for ultralight hiking and backpacking. Lightweight and durable gear. Ships from Europe. No import fee\" \/>\n<meta name=\"robots\" content=\"index, follow, max-snippet:-1, max-image-preview:large, max-video-preview:-1\" \/>\n<link rel=\"canonical\" href=\"https:\/\/superligero.es\/en\/material\/discount\/soporte-para-hornillo-de-alcohol\/\" \/>\n<meta property=\"og:locale\" content=\"en_US\" \/>\n<meta property=\"og:type\" content=\"article\" \/>\n<meta property=\"og:title\" content=\"Ti Trive 2 Support\" \/>\n<meta property=\"og:description\" content=\"Evernew Europe Ti Trive 2 Support | Ships from Europe for ultralight hiking and backpacking. Lightweight and durable gear. Ships from Europe. No import fee\" \/>\n<meta property=\"og:url\" content=\"https:\/\/superligero.es\/en\/material\/discount\/soporte-para-hornillo-de-alcohol\/\" \/>\n<meta property=\"og:site_name\" content=\"SuperLigero\" \/>\n<meta property=\"article:modified_time\" content=\"2026-03-04T16:38:01+00:00\" \/>\n<meta property=\"og:image\" content=\"https:\/\/superligero.es\/en\/wp-content\/uploads\/sites\/2\/2018\/01\/soporte-para-hornillo-de-alcohol-Ti-Trive-Evernew-1-SuperLigero.jpg\" \/>\n\t<meta property=\"og:image:width\" content=\"595\" \/>\n\t<meta property=\"og:image:height\" content=\"738\" \/>\n\t<meta property=\"og:image:type\" content=\"image\/jpeg\" \/>\n<meta name=\"twitter:card\" content=\"summary_large_image\" \/>\n<meta name=\"twitter:label1\" content=\"Est. reading time\" \/>\n\t<meta name=\"twitter:data1\" content=\"2 minutes\" \/>\n<script type=\"application\/ld+json\" class=\"yoast-schema-graph\">{\"@context\":\"https:\/\/schema.org\",\"@graph\":[{\"@type\":\"WebPage\",\"@id\":\"https:\/\/superligero.es\/en\/material\/discount\/soporte-para-hornillo-de-alcohol\/\",\"url\":\"https:\/\/superligero.es\/en\/material\/discount\/soporte-para-hornillo-de-alcohol\/\",\"name\":\"Evernew Europe Ti Trive 2 Support | Ships from Europe\",\"isPartOf\":{\"@id\":\"https:\/\/superligero.es\/en\/#website\"},\"primaryImageOfPage\":{\"@id\":\"https:\/\/superligero.es\/en\/material\/discount\/soporte-para-hornillo-de-alcohol\/#primaryimage\"},\"image\":{\"@id\":\"https:\/\/superligero.es\/en\/material\/discount\/soporte-para-hornillo-de-alcohol\/#primaryimage\"},\"thumbnailUrl\":\"https:\/\/superligero.es\/en\/wp-content\/uploads\/sites\/2\/2018\/01\/soporte-para-hornillo-de-alcohol-Ti-Trive-Evernew-1-SuperLigero.jpg\",\"datePublished\":\"2018-01-03T19:37:44+00:00\",\"dateModified\":\"2026-03-04T16:38:01+00:00\",\"description\":\"Evernew Europe Ti Trive 2 Support | Ships from Europe for ultralight hiking and backpacking. Lightweight and durable gear. Ships from Europe. No import fee\",\"breadcrumb\":{\"@id\":\"https:\/\/superligero.es\/en\/material\/discount\/soporte-para-hornillo-de-alcohol\/#breadcrumb\"},\"inLanguage\":\"en-US\",\"potentialAction\":[{\"@type\":\"ReadAction\",\"target\":[\"https:\/\/superligero.es\/en\/material\/discount\/soporte-para-hornillo-de-alcohol\/\"]}]},{\"@type\":\"ImageObject\",\"inLanguage\":\"en-US\",\"@id\":\"https:\/\/superligero.es\/en\/material\/discount\/soporte-para-hornillo-de-alcohol\/#primaryimage\",\"url\":\"https:\/\/superligero.es\/en\/wp-content\/uploads\/sites\/2\/2018\/01\/soporte-para-hornillo-de-alcohol-Ti-Trive-Evernew-1-SuperLigero.jpg\",\"contentUrl\":\"https:\/\/superligero.es\/en\/wp-content\/uploads\/sites\/2\/2018\/01\/soporte-para-hornillo-de-alcohol-Ti-Trive-Evernew-1-SuperLigero.jpg\",\"width\":595,\"height\":738,\"caption\":\"soporte para hornillo de alcohol\"},{\"@type\":\"BreadcrumbList\",\"@id\":\"https:\/\/superligero.es\/en\/material\/discount\/soporte-para-hornillo-de-alcohol\/#breadcrumb\",\"itemListElement\":[{\"@type\":\"ListItem\",\"position\":1,\"name\":\"Portada\",\"item\":\"https:\/\/superligero.es\/en\/\"},{\"@type\":\"ListItem\",\"position\":2,\"name\":\"Productos\",\"item\":\"https:\/\/superligero.es\/en\/productos\/\"},{\"@type\":\"ListItem\",\"position\":3,\"name\":\"Ti Trive 2 Support\"}]},{\"@type\":\"WebSite\",\"@id\":\"https:\/\/superligero.es\/en\/#website\",\"url\":\"https:\/\/superligero.es\/en\/\",\"name\":\"SuperLigero\",\"description\":\"Ultralight outdoor gear for hiking\",\"potentialAction\":[{\"@type\":\"SearchAction\",\"target\":{\"@type\":\"EntryPoint\",\"urlTemplate\":\"https:\/\/superligero.es\/en\/?s={search_term_string}\"},\"query-input\":{\"@type\":\"PropertyValueSpecification\",\"valueRequired\":true,\"valueName\":\"search_term_string\"}}],\"inLanguage\":\"en-US\"}]}<\/script>\n<!-- \/ Yoast SEO Premium plugin. -->","yoast_head_json":{"title":"Evernew Europe Ti Trive 2 Support | Ships from Europe","description":"Evernew Europe Ti Trive 2 Support | Ships from Europe for ultralight hiking and backpacking. Lightweight and durable gear. Ships from Europe. No import fee","robots":{"index":"index","follow":"follow","max-snippet":"max-snippet:-1","max-image-preview":"max-image-preview:large","max-video-preview":"max-video-preview:-1"},"canonical":"https:\/\/superligero.es\/en\/material\/discount\/soporte-para-hornillo-de-alcohol\/","og_locale":"en_US","og_type":"article","og_title":"Ti Trive 2 Support","og_description":"Evernew Europe Ti Trive 2 Support | Ships from Europe for ultralight hiking and backpacking. Lightweight and durable gear. Ships from Europe. No import fee","og_url":"https:\/\/superligero.es\/en\/material\/discount\/soporte-para-hornillo-de-alcohol\/","og_site_name":"SuperLigero","article_modified_time":"2026-03-04T16:38:01+00:00","og_image":[{"width":595,"height":738,"url":"https:\/\/superligero.es\/en\/wp-content\/uploads\/sites\/2\/2018\/01\/soporte-para-hornillo-de-alcohol-Ti-Trive-Evernew-1-SuperLigero.jpg","type":"image\/jpeg"}],"twitter_card":"summary_large_image","twitter_misc":{"Est. reading time":"2 minutes"},"schema":{"@context":"https:\/\/schema.org","@graph":[{"@type":"WebPage","@id":"https:\/\/superligero.es\/en\/material\/discount\/soporte-para-hornillo-de-alcohol\/","url":"https:\/\/superligero.es\/en\/material\/discount\/soporte-para-hornillo-de-alcohol\/","name":"Evernew Europe Ti Trive 2 Support | Ships from Europe","isPartOf":{"@id":"https:\/\/superligero.es\/en\/#website"},"primaryImageOfPage":{"@id":"https:\/\/superligero.es\/en\/material\/discount\/soporte-para-hornillo-de-alcohol\/#primaryimage"},"image":{"@id":"https:\/\/superligero.es\/en\/material\/discount\/soporte-para-hornillo-de-alcohol\/#primaryimage"},"thumbnailUrl":"https:\/\/superligero.es\/en\/wp-content\/uploads\/sites\/2\/2018\/01\/soporte-para-hornillo-de-alcohol-Ti-Trive-Evernew-1-SuperLigero.jpg","datePublished":"2018-01-03T19:37:44+00:00","dateModified":"2026-03-04T16:38:01+00:00","description":"Evernew Europe Ti Trive 2 Support | Ships from Europe for ultralight hiking and backpacking. Lightweight and durable gear. Ships from Europe. No import fee","breadcrumb":{"@id":"https:\/\/superligero.es\/en\/material\/discount\/soporte-para-hornillo-de-alcohol\/#breadcrumb"},"inLanguage":"en-US","potentialAction":[{"@type":"ReadAction","target":["https:\/\/superligero.es\/en\/material\/discount\/soporte-para-hornillo-de-alcohol\/"]}]},{"@type":"ImageObject","inLanguage":"en-US","@id":"https:\/\/superligero.es\/en\/material\/discount\/soporte-para-hornillo-de-alcohol\/#primaryimage","url":"https:\/\/superligero.es\/en\/wp-content\/uploads\/sites\/2\/2018\/01\/soporte-para-hornillo-de-alcohol-Ti-Trive-Evernew-1-SuperLigero.jpg","contentUrl":"https:\/\/superligero.es\/en\/wp-content\/uploads\/sites\/2\/2018\/01\/soporte-para-hornillo-de-alcohol-Ti-Trive-Evernew-1-SuperLigero.jpg","width":595,"height":738,"caption":"soporte para hornillo de alcohol"},{"@type":"BreadcrumbList","@id":"https:\/\/superligero.es\/en\/material\/discount\/soporte-para-hornillo-de-alcohol\/#breadcrumb","itemListElement":[{"@type":"ListItem","position":1,"name":"Portada","item":"https:\/\/superligero.es\/en\/"},{"@type":"ListItem","position":2,"name":"Productos","item":"https:\/\/superligero.es\/en\/productos\/"},{"@type":"ListItem","position":3,"name":"Ti Trive 2 Support"}]},{"@type":"WebSite","@id":"https:\/\/superligero.es\/en\/#website","url":"https:\/\/superligero.es\/en\/","name":"SuperLigero","description":"Ultralight outdoor gear for hiking","potentialAction":[{"@type":"SearchAction","target":{"@type":"EntryPoint","urlTemplate":"https:\/\/superligero.es\/en\/?s={search_term_string}"},"query-input":{"@type":"PropertyValueSpecification","valueRequired":true,"valueName":"search_term_string"}}],"inLanguage":"en-US"}]}},"_links":{"self":[{"href":"https:\/\/superligero.es\/en\/wp-json\/wp\/v2\/product\/3017","targetHints":{"allow":["GET"]}}],"collection":[{"href":"https:\/\/superligero.es\/en\/wp-json\/wp\/v2\/product"}],"about":[{"href":"https:\/\/superligero.es\/en\/wp-json\/wp\/v2\/types\/product"}],"replies":[{"embeddable":true,"href":"https:\/\/superligero.es\/en\/wp-json\/wp\/v2\/comments?post=3017"}],"wp:featuredmedia":[{"embeddable":true,"href":"https:\/\/superligero.es\/en\/wp-json\/wp\/v2\/media\/3165"}],"wp:attachment":[{"href":"https:\/\/superligero.es\/en\/wp-json\/wp\/v2\/media?parent=3017"}],"wp:term":[{"taxonomy":"product_brand","embeddable":true,"href":"https:\/\/superligero.es\/en\/wp-json\/wp\/v2\/product_brand?post=3017"},{"taxonomy":"product_cat","embeddable":true,"href":"https:\/\/superligero.es\/en\/wp-json\/wp\/v2\/product_cat?post=3017"},{"taxonomy":"product_tag","embeddable":true,"href":"https:\/\/superligero.es\/en\/wp-json\/wp\/v2\/product_tag?post=3017"}],"curies":[{"name":"wp","href":"https:\/\/api.w.org\/{rel}","templated":true}]}}