{"id":3018,"date":"2018-01-03T20:40:21","date_gmt":"2018-01-03T19:40:21","guid":{"rendered":"https:\/\/superligero.es\/?post_type=product&#038;p=3018"},"modified":"2026-03-04T18:38:01","modified_gmt":"2026-03-04T16:38:01","slug":"taza-ligera-para-senderismo-300-ml","status":"publish","type":"product","link":"https:\/\/superligero.es\/en\/material\/discount\/taza-ligera-para-senderismo-300-ml\/","title":{"rendered":"Cup Ti 300 FH"},"content":{"rendered":"<p>La taza ligera para senderismo\u00a0Ti 300FH est\u00e1 fabricada en Jap\u00f3n por\u00a0<a href=\"http:\/\/evernew-global.com\/\" target=\"_blank\" rel=\"noopener noreferrer\">Evernew<\/a>\u00a0y es extremadamente resistente y ligera. Con un volumen de tan solo 300ml ser\u00e1 el compa\u00f1ero perfecto para tus momentos de descanso.<\/p>\n<div class=\"container\"><iframe class=\"video\" src=\"https:\/\/www.youtube.com\/embed\/ZZrgamxuv7o?rel=0\" width=\"300\" height=\"150\"><\/iframe><\/div>\n<hr \/>\n<h2>Cuando usarla<\/h2>\n<p>Esta taza est\u00e1 destinada para aquellos senderista amantes de las bebidas calientes.\u00a0Especialmente si caminas por lugares muy fr\u00edos y h\u00famedos. Un caf\u00e9 o un chocolate caliente por la ma\u00f1ana o por la noche dentro de tu campamento es todo un lujo \ud83d\ude09<\/p>\n<p>Aunque hay quienes la amarran a la mochila y la usan para beber agua de los arroyos. Al fina, sea cual sea tu prop\u00f3sito, una taza ligera para senderismo como esta no deber\u00eda faltar en tu lista.<\/p>\n<hr \/>\n<h2>Dise\u00f1o<\/h2>\n<p>Las asas se pliegan para un almacenaje m\u00e1s compacto. Adem\u00e1s, est\u00e1n recubiertas de silicona de un color rojo para evitar que te quemes cuando la uses.<\/p>\n<p>\u00bfEs posible quemarme al tomar bebidas calientes? \u2013 NO.\u00a0El titanio tiene una baja conductividad t\u00e9rmica y por lo tanto se enfr\u00eda r\u00e1pidamente. Podr\u00e1s estar tranquilo cuando lleves la taza a los labios. Aunque el contenido est\u00e9 caliente, el borde que no est\u00e1 en contacto con el l\u00edquido se mantendr\u00e1 templado.<\/p>\n<p><img decoding=\"async\" class=\"alignnone size-full wp-image-6818\" src=\"https:\/\/superligero.es\/wp-content\/uploads\/sites\/2\/2018\/01\/Taza-ligera-para-senderismo-21-SuperLigero.jpg\" alt=\"Taza ligera para senderismo\" width=\"640\" height=\"480\" srcset=\"https:\/\/superligero.es\/en\/wp-content\/uploads\/sites\/2\/2018\/01\/Taza-ligera-para-senderismo-21-SuperLigero.jpg 640w, https:\/\/superligero.es\/en\/wp-content\/uploads\/sites\/2\/2018\/01\/Taza-ligera-para-senderismo-21-SuperLigero-350x263.jpg 350w, https:\/\/superligero.es\/en\/wp-content\/uploads\/sites\/2\/2018\/01\/Taza-ligera-para-senderismo-21-SuperLigero-595x446.jpg 595w, https:\/\/superligero.es\/en\/wp-content\/uploads\/sites\/2\/2018\/01\/Taza-ligera-para-senderismo-21-SuperLigero-380x285.jpg 380w\" sizes=\"(max-width: 640px) 100vw, 640px\" \/><\/p>\n<p>Foto @<a class=\"FPmhX notranslate TlrDj\" title=\"inspector_norse_outdoor\" href=\"https:\/\/www.instagram.com\/inspector_norse_outdoor\/\" target=\"_blank\" rel=\"noopener noreferrer\">inspector_norse_outdoor<\/a><\/p>\n<hr \/>\n<h2>Hecho de Titanio Grado 1 y 2<\/h2>\n<p>El titanio es un metal extremadamente ligero y resistente. No se oxida ni se corroe con la humedad por lo que tiene una alta durabilidad. El titanio en en su composici\u00f3n m\u00e1s pura no se suele utilizar comercialmente y se mezcla con otros metales para conseguir aleaciones con mejores prestaciones y\u00a0para abaratar su precio.\u00a0<a href=\"https:\/\/superligero.es\/utensilios-de-cocina-de-titanio-para-senderismo\/\">Te lo explico aqu\u00ed<\/a>.<\/p>\n<p>Para diferenciar la calidad de cada aleaci\u00f3n de titanio, se dividen en Grados que son reguladas por un organismos internacional llamado <a href=\"https:\/\/www.astm.org\/\" target=\"_blank\" rel=\"noopener noreferrer\">ASTM<\/a>. Evernew utiliza una aleaci\u00f3n de titanio de Grado 1 y 2, con un espesor de solo 3mm, considerado como el titanio m\u00e1s puro comercialmente con m\u00e1s del 99% de pureza.<\/p>\n<hr \/>\n<h2>Especificaciones<\/h2>\n<ul>\n<li>Modelo EBY266R<\/li>\n<li>Fabricado con Titanio de la mejor calidad<\/li>\n<li>Pared sencilla para menor peso<\/li>\n<li>Tama\u00f1o peque\u00f1o<\/li>\n<li>Asa plegable para empacado m\u00e1s pr\u00e1ctico<\/li>\n<li>Asa recubierta para evitar quemaduras<\/li>\n<li>300ml de capacidad<\/li>\n<\/ul>\n<hr \/>\n<h2>Tablas de medidas<\/h2>\n<table style=\"height: 187px\" width=\"551\">\n<tbody>\n<tr>\n<td colspan=\"2\" width=\"197\">\n<h4>Dimensiones<\/h4>\n<\/td>\n<\/tr>\n<tr>\n<td width=\"197\">Peso<\/td>\n<td width=\"80\">51 gr<\/td>\n<\/tr>\n<tr>\n<td>Medidas<\/td>\n<td>8.1 x 4 cm<\/td>\n<\/tr>\n<\/tbody>\n<\/table>\n<p>&nbsp;<\/p>\n<hr \/>\n<h2>Valoraciones y rese\u00f1as<\/h2>\n","protected":false},"excerpt":{"rendered":"<p>Es muy resistente gracias al Titanio, pero sobre todo es incre\u00edblemente ligera. Su peque\u00f1o volumen es perfecto para disfrutar del caf\u00e9, infusiones o chocolate caliente. Lleva asas de silicona plegables para una agarre m\u00e1s c\u00f3modo y seguro.<\/p>\n","protected":false},"featured_media":3172,"comment_status":"open","ping_status":"closed","template":"","meta":{"_trash_the_other_posts":false},"product_brand":[1786],"product_cat":[2729],"product_tag":[],"class_list":{"0":"post-3018","1":"product","2":"type-product","3":"status-publish","4":"has-post-thumbnail","6":"product_brand-evernew","7":"product_cat-discount","9":"first","10":"outofstock","11":"taxable","12":"shipping-taxable","13":"purchasable","14":"product-type-simple"},"yoast_head":"<!-- This site is optimized with the Yoast SEO Premium plugin v27.0 (Yoast SEO v27.1) - https:\/\/yoast.com\/product\/yoast-seo-premium-wordpress\/ -->\n<title>Ultralight Evernew Europe Cup Ti 300 FH | Ships from Europe<\/title>\n<meta name=\"description\" content=\"Ultralight Evernew Europe Cup Ti 300 FH | Ships from Europe for ultralight hiking and backpacking. Lightweight and durable gear. Ships from Europe. No impo\" \/>\n<meta name=\"robots\" content=\"index, follow, max-snippet:-1, max-image-preview:large, max-video-preview:-1\" \/>\n<link rel=\"canonical\" href=\"https:\/\/superligero.es\/en\/material\/discount\/taza-ligera-para-senderismo-300-ml\/\" \/>\n<meta property=\"og:locale\" content=\"en_US\" \/>\n<meta property=\"og:type\" content=\"article\" \/>\n<meta property=\"og:title\" content=\"Cup Ti 300 FH\" \/>\n<meta property=\"og:description\" content=\"Ultralight Evernew Europe Cup Ti 300 FH | Ships from Europe for ultralight hiking and backpacking. Lightweight and durable gear. Ships from Europe. No impo\" \/>\n<meta property=\"og:url\" content=\"https:\/\/superligero.es\/en\/material\/discount\/taza-ligera-para-senderismo-300-ml\/\" \/>\n<meta property=\"og:site_name\" content=\"SuperLigero\" \/>\n<meta property=\"article:modified_time\" content=\"2026-03-04T16:38:01+00:00\" \/>\n<meta property=\"og:image\" content=\"https:\/\/superligero.es\/en\/wp-content\/uploads\/sites\/2\/2018\/01\/taza-ligera-para-senderismo-Ti-Mug-300-FH-Evernew-1-SuperLigero.jpg\" \/>\n\t<meta property=\"og:image:width\" content=\"595\" \/>\n\t<meta property=\"og:image:height\" content=\"738\" \/>\n\t<meta property=\"og:image:type\" content=\"image\/jpeg\" \/>\n<meta name=\"twitter:card\" content=\"summary_large_image\" \/>\n<meta name=\"twitter:label1\" content=\"Est. reading time\" \/>\n\t<meta name=\"twitter:data1\" content=\"2 minutes\" \/>\n<script type=\"application\/ld+json\" class=\"yoast-schema-graph\">{\"@context\":\"https:\/\/schema.org\",\"@graph\":[{\"@type\":\"WebPage\",\"@id\":\"https:\/\/superligero.es\/en\/material\/discount\/taza-ligera-para-senderismo-300-ml\/\",\"url\":\"https:\/\/superligero.es\/en\/material\/discount\/taza-ligera-para-senderismo-300-ml\/\",\"name\":\"Ultralight Evernew Europe Cup Ti 300 FH | Ships from Europe\",\"isPartOf\":{\"@id\":\"https:\/\/superligero.es\/en\/#website\"},\"primaryImageOfPage\":{\"@id\":\"https:\/\/superligero.es\/en\/material\/discount\/taza-ligera-para-senderismo-300-ml\/#primaryimage\"},\"image\":{\"@id\":\"https:\/\/superligero.es\/en\/material\/discount\/taza-ligera-para-senderismo-300-ml\/#primaryimage\"},\"thumbnailUrl\":\"https:\/\/superligero.es\/en\/wp-content\/uploads\/sites\/2\/2018\/01\/taza-ligera-para-senderismo-Ti-Mug-300-FH-Evernew-1-SuperLigero.jpg\",\"datePublished\":\"2018-01-03T19:40:21+00:00\",\"dateModified\":\"2026-03-04T16:38:01+00:00\",\"description\":\"Ultralight Evernew Europe Cup Ti 300 FH | Ships from Europe for ultralight hiking and backpacking. Lightweight and durable gear. Ships from Europe. No impo\",\"breadcrumb\":{\"@id\":\"https:\/\/superligero.es\/en\/material\/discount\/taza-ligera-para-senderismo-300-ml\/#breadcrumb\"},\"inLanguage\":\"en-US\",\"potentialAction\":[{\"@type\":\"ReadAction\",\"target\":[\"https:\/\/superligero.es\/en\/material\/discount\/taza-ligera-para-senderismo-300-ml\/\"]}]},{\"@type\":\"ImageObject\",\"inLanguage\":\"en-US\",\"@id\":\"https:\/\/superligero.es\/en\/material\/discount\/taza-ligera-para-senderismo-300-ml\/#primaryimage\",\"url\":\"https:\/\/superligero.es\/en\/wp-content\/uploads\/sites\/2\/2018\/01\/taza-ligera-para-senderismo-Ti-Mug-300-FH-Evernew-1-SuperLigero.jpg\",\"contentUrl\":\"https:\/\/superligero.es\/en\/wp-content\/uploads\/sites\/2\/2018\/01\/taza-ligera-para-senderismo-Ti-Mug-300-FH-Evernew-1-SuperLigero.jpg\",\"width\":595,\"height\":738,\"caption\":\"taza ligera para senderismo\"},{\"@type\":\"BreadcrumbList\",\"@id\":\"https:\/\/superligero.es\/en\/material\/discount\/taza-ligera-para-senderismo-300-ml\/#breadcrumb\",\"itemListElement\":[{\"@type\":\"ListItem\",\"position\":1,\"name\":\"Portada\",\"item\":\"https:\/\/superligero.es\/en\/\"},{\"@type\":\"ListItem\",\"position\":2,\"name\":\"Productos\",\"item\":\"https:\/\/superligero.es\/en\/productos\/\"},{\"@type\":\"ListItem\",\"position\":3,\"name\":\"Cup Ti 300 FH\"}]},{\"@type\":\"WebSite\",\"@id\":\"https:\/\/superligero.es\/en\/#website\",\"url\":\"https:\/\/superligero.es\/en\/\",\"name\":\"SuperLigero\",\"description\":\"Ultralight outdoor gear for hiking\",\"potentialAction\":[{\"@type\":\"SearchAction\",\"target\":{\"@type\":\"EntryPoint\",\"urlTemplate\":\"https:\/\/superligero.es\/en\/?s={search_term_string}\"},\"query-input\":{\"@type\":\"PropertyValueSpecification\",\"valueRequired\":true,\"valueName\":\"search_term_string\"}}],\"inLanguage\":\"en-US\"}]}<\/script>\n<!-- \/ Yoast SEO Premium plugin. -->","yoast_head_json":{"title":"Ultralight Evernew Europe Cup Ti 300 FH | Ships from Europe","description":"Ultralight Evernew Europe Cup Ti 300 FH | Ships from Europe for ultralight hiking and backpacking. Lightweight and durable gear. Ships from Europe. No impo","robots":{"index":"index","follow":"follow","max-snippet":"max-snippet:-1","max-image-preview":"max-image-preview:large","max-video-preview":"max-video-preview:-1"},"canonical":"https:\/\/superligero.es\/en\/material\/discount\/taza-ligera-para-senderismo-300-ml\/","og_locale":"en_US","og_type":"article","og_title":"Cup Ti 300 FH","og_description":"Ultralight Evernew Europe Cup Ti 300 FH | Ships from Europe for ultralight hiking and backpacking. Lightweight and durable gear. Ships from Europe. No impo","og_url":"https:\/\/superligero.es\/en\/material\/discount\/taza-ligera-para-senderismo-300-ml\/","og_site_name":"SuperLigero","article_modified_time":"2026-03-04T16:38:01+00:00","og_image":[{"width":595,"height":738,"url":"https:\/\/superligero.es\/en\/wp-content\/uploads\/sites\/2\/2018\/01\/taza-ligera-para-senderismo-Ti-Mug-300-FH-Evernew-1-SuperLigero.jpg","type":"image\/jpeg"}],"twitter_card":"summary_large_image","twitter_misc":{"Est. reading time":"2 minutes"},"schema":{"@context":"https:\/\/schema.org","@graph":[{"@type":"WebPage","@id":"https:\/\/superligero.es\/en\/material\/discount\/taza-ligera-para-senderismo-300-ml\/","url":"https:\/\/superligero.es\/en\/material\/discount\/taza-ligera-para-senderismo-300-ml\/","name":"Ultralight Evernew Europe Cup Ti 300 FH | Ships from Europe","isPartOf":{"@id":"https:\/\/superligero.es\/en\/#website"},"primaryImageOfPage":{"@id":"https:\/\/superligero.es\/en\/material\/discount\/taza-ligera-para-senderismo-300-ml\/#primaryimage"},"image":{"@id":"https:\/\/superligero.es\/en\/material\/discount\/taza-ligera-para-senderismo-300-ml\/#primaryimage"},"thumbnailUrl":"https:\/\/superligero.es\/en\/wp-content\/uploads\/sites\/2\/2018\/01\/taza-ligera-para-senderismo-Ti-Mug-300-FH-Evernew-1-SuperLigero.jpg","datePublished":"2018-01-03T19:40:21+00:00","dateModified":"2026-03-04T16:38:01+00:00","description":"Ultralight Evernew Europe Cup Ti 300 FH | Ships from Europe for ultralight hiking and backpacking. Lightweight and durable gear. Ships from Europe. No impo","breadcrumb":{"@id":"https:\/\/superligero.es\/en\/material\/discount\/taza-ligera-para-senderismo-300-ml\/#breadcrumb"},"inLanguage":"en-US","potentialAction":[{"@type":"ReadAction","target":["https:\/\/superligero.es\/en\/material\/discount\/taza-ligera-para-senderismo-300-ml\/"]}]},{"@type":"ImageObject","inLanguage":"en-US","@id":"https:\/\/superligero.es\/en\/material\/discount\/taza-ligera-para-senderismo-300-ml\/#primaryimage","url":"https:\/\/superligero.es\/en\/wp-content\/uploads\/sites\/2\/2018\/01\/taza-ligera-para-senderismo-Ti-Mug-300-FH-Evernew-1-SuperLigero.jpg","contentUrl":"https:\/\/superligero.es\/en\/wp-content\/uploads\/sites\/2\/2018\/01\/taza-ligera-para-senderismo-Ti-Mug-300-FH-Evernew-1-SuperLigero.jpg","width":595,"height":738,"caption":"taza ligera para senderismo"},{"@type":"BreadcrumbList","@id":"https:\/\/superligero.es\/en\/material\/discount\/taza-ligera-para-senderismo-300-ml\/#breadcrumb","itemListElement":[{"@type":"ListItem","position":1,"name":"Portada","item":"https:\/\/superligero.es\/en\/"},{"@type":"ListItem","position":2,"name":"Productos","item":"https:\/\/superligero.es\/en\/productos\/"},{"@type":"ListItem","position":3,"name":"Cup Ti 300 FH"}]},{"@type":"WebSite","@id":"https:\/\/superligero.es\/en\/#website","url":"https:\/\/superligero.es\/en\/","name":"SuperLigero","description":"Ultralight outdoor gear for hiking","potentialAction":[{"@type":"SearchAction","target":{"@type":"EntryPoint","urlTemplate":"https:\/\/superligero.es\/en\/?s={search_term_string}"},"query-input":{"@type":"PropertyValueSpecification","valueRequired":true,"valueName":"search_term_string"}}],"inLanguage":"en-US"}]}},"_links":{"self":[{"href":"https:\/\/superligero.es\/en\/wp-json\/wp\/v2\/product\/3018","targetHints":{"allow":["GET"]}}],"collection":[{"href":"https:\/\/superligero.es\/en\/wp-json\/wp\/v2\/product"}],"about":[{"href":"https:\/\/superligero.es\/en\/wp-json\/wp\/v2\/types\/product"}],"replies":[{"embeddable":true,"href":"https:\/\/superligero.es\/en\/wp-json\/wp\/v2\/comments?post=3018"}],"wp:featuredmedia":[{"embeddable":true,"href":"https:\/\/superligero.es\/en\/wp-json\/wp\/v2\/media\/3172"}],"wp:attachment":[{"href":"https:\/\/superligero.es\/en\/wp-json\/wp\/v2\/media?parent=3018"}],"wp:term":[{"taxonomy":"product_brand","embeddable":true,"href":"https:\/\/superligero.es\/en\/wp-json\/wp\/v2\/product_brand?post=3018"},{"taxonomy":"product_cat","embeddable":true,"href":"https:\/\/superligero.es\/en\/wp-json\/wp\/v2\/product_cat?post=3018"},{"taxonomy":"product_tag","embeddable":true,"href":"https:\/\/superligero.es\/en\/wp-json\/wp\/v2\/product_tag?post=3018"}],"curies":[{"name":"wp","href":"https:\/\/api.w.org\/{rel}","templated":true}]}}