{"id":3033,"date":"2018-01-03T20:09:24","date_gmt":"2018-01-03T19:09:24","guid":{"rendered":"https:\/\/superligero.es\/?post_type=product&#038;p=3033"},"modified":"2026-03-04T18:38:21","modified_gmt":"2026-03-04T16:38:21","slug":"soporte-para-hornillos-de-lena-cross-bars","status":"publish","type":"product","link":"https:\/\/superligero.es\/en\/material\/ultralight-kitchen\/soporte-para-hornillos-de-lena-cross-bars\/","title":{"rendered":"Cross Bars"},"content":{"rendered":"<p>Este soporte para hornillos de le\u00f1a esta fabricado en California &#8211; Estados Unidos por <a href=\"https:\/\/www.toaksoutdoor.com\/\">Toaks Outdoor<\/a>\u00a0 y ser\u00e1 el accesorio ideal si utilizas <a href=\"https:\/\/superligero.es\/material\/cocina\/hornillo-de-lena-ultraligero-wood-burning\/\">el hornillo de le\u00f1a<\/a> tambi\u00e9n de la marca Toaks Outdoor.<\/p>\n<div class=\"container\"><iframe loading=\"lazy\" class=\"video\" src=\"https:\/\/www.youtube.com\/embed\/VsSzJgHNKUA?rel=0\" width=\"300\" height=\"150\"><\/iframe><\/div>\n<hr \/>\n<h2>Cuando usarlo<\/h2>\n<p>Est\u00e1 pensado para ofrecer un\u00a0\u00e1rea estable y segura para ollas peque\u00f1as o grandes, tazas de cocina, sartenes o similares. Si te fijas en las im\u00e1genes, la superficie esta dentada para evitar que tu ollas y cazos m\u00e1s grandes se deslicen con facilidad sobre en el hornillo.<\/p>\n<p>Cross Bar viene con dos barras para una configuraci\u00f3n b\u00e1sica en &#8220;X&#8221;. Si tu idea es utilizar recipientes de cocina de cualquier tama\u00f1o, puedes usar dos pares. Juntos hacen una rejilla #.<\/p>\n<hr \/>\n<h2>Hecho de Titanio Grado 1 y 2<\/h2>\n<p>El titanio es un metal extremadamente ligero y resistente. No se oxida ni se corroe con la humedad por lo que tiene una alta durabilidad. El titanio en en su composici\u00f3n m\u00e1s pura no se suele utilizar comercialmente y se mezcla con otros metales para conseguir aleaciones con mejores prestaciones y\u00a0para abaratar su precio.\u00a0<a href=\"https:\/\/superligero.es\/utensilios-de-cocina-de-titanio-para-senderismo\/\">Te lo explico aqu\u00ed<\/a>.<\/p>\n<p>Para diferenciar la calidad de cada aleaci\u00f3n de titanio, se dividen en Grados que son reguladas por un organismos internacional llamado <a href=\"https:\/\/www.astm.org\/\" target=\"_blank\" rel=\"noopener noreferrer\">ASTM<\/a>. Evernew utiliza una aleaci\u00f3n de titanio de Grado 1 y 2, con un espesor de solo 3mm, considerado como el titanio m\u00e1s puro comercialmente con m\u00e1s del 99% de pureza.<\/p>\n<blockquote><p><strong>Advertencia<\/strong>: circulan muchas imitaciones de baja calidad por la red. Nosotros vendemos aqu\u00ed el producto original procedente de EE. UU.<\/p><\/blockquote>\n<hr \/>\n<h2>Especificaciones<\/h2>\n<ul>\n<li>Modelo: BAR-02.<\/li>\n<li>Compatible con el <a href=\"https:\/\/superligero.es\/material\/cocina\/hornillo-de-lena-ultraligero-wood-burning\/\">Hornillo de le\u00f1a<\/a>\u00a0grande de Toaks.<\/li>\n<\/ul>\n<hr \/>\n<h2>Tablas de medidas<\/h2>\n<table style=\"height: 83px;\" width=\"645\">\n<tbody>\n<tr>\n<td width=\"197\">Medidas<\/td>\n<td width=\"80\">11,4 cm x 1,6 cm<\/td>\n<\/tr>\n<tr>\n<td>Peso<\/td>\n<td>7g<\/td>\n<\/tr>\n<tr>\n<td>Material<\/td>\n<td>Titanio<\/td>\n<\/tr>\n<tr>\n<td>Presentaci\u00f3n<\/td>\n<td>2 unidades<\/td>\n<\/tr>\n<\/tbody>\n<\/table>\n<p>&nbsp;<\/p>\n<hr \/>\n<h2>Valoraciones y rese\u00f1as<\/h2>\n","protected":false},"excerpt":{"rendered":"<p>Comb\u00ednalo con el hornillo de le\u00f1a STV-11 de Toaks y consigue un\u00a0superficie m\u00e1s estable y segura para tus ollas peque\u00f1as o grandes, tazas de cocina, sartenes o similares.<\/p>\n","protected":false},"featured_media":3129,"comment_status":"open","ping_status":"closed","template":"","meta":{"_trash_the_other_posts":false},"product_brand":[1789],"product_cat":[26],"product_tag":[],"class_list":{"0":"post-3033","1":"product","2":"type-product","3":"status-publish","4":"has-post-thumbnail","6":"product_brand-toaks","7":"product_cat-ultralight-kitchen","9":"first","10":"outofstock","11":"taxable","12":"shipping-taxable","13":"purchasable","14":"product-type-simple"},"yoast_head":"<!-- This site is optimized with the Yoast SEO Premium plugin v27.0 (Yoast SEO v27.1) - https:\/\/yoast.com\/product\/yoast-seo-premium-wordpress\/ -->\n<title>Toaks Soporte Cross Bars | Ships from Europe<\/title>\n<meta name=\"description\" content=\"Toaks Soporte Cross Bars | Ships from Europe. Comb\u00ednalo con el hornillo de le\u00f1a STV-11 de Toaks y consigue un\u00a0superficie m\u00e1s estable y segura para tus olla\" \/>\n<meta name=\"robots\" content=\"index, follow, max-snippet:-1, max-image-preview:large, max-video-preview:-1\" \/>\n<link rel=\"canonical\" href=\"https:\/\/superligero.es\/en\/material\/ultralight-kitchen\/soporte-para-hornillos-de-lena-cross-bars\/\" \/>\n<meta property=\"og:locale\" content=\"en_US\" \/>\n<meta property=\"og:type\" content=\"article\" \/>\n<meta property=\"og:title\" content=\"Cross Bars\" \/>\n<meta property=\"og:description\" content=\"Toaks Soporte Cross Bars | Ships from Europe. Comb\u00ednalo con el hornillo de le\u00f1a STV-11 de Toaks y consigue un\u00a0superficie m\u00e1s estable y segura para tus olla\" \/>\n<meta property=\"og:url\" content=\"https:\/\/superligero.es\/en\/material\/ultralight-kitchen\/soporte-para-hornillos-de-lena-cross-bars\/\" \/>\n<meta property=\"og:site_name\" content=\"SuperLigero\" \/>\n<meta property=\"article:modified_time\" content=\"2026-03-04T16:38:21+00:00\" \/>\n<meta property=\"og:image\" content=\"https:\/\/superligero.es\/en\/wp-content\/uploads\/sites\/2\/2018\/01\/soporte-de-titaneo-para-hornillosTi-Wood-Stove-Cross-Bars-Toaks-1-SuperLigero.jpg\" \/>\n\t<meta property=\"og:image:width\" content=\"595\" \/>\n\t<meta property=\"og:image:height\" content=\"738\" \/>\n\t<meta property=\"og:image:type\" content=\"image\/jpeg\" \/>\n<meta name=\"twitter:card\" content=\"summary_large_image\" \/>\n<meta name=\"twitter:label1\" content=\"Est. reading time\" \/>\n\t<meta name=\"twitter:data1\" content=\"2 minutes\" \/>\n<script type=\"application\/ld+json\" class=\"yoast-schema-graph\">{\"@context\":\"https:\/\/schema.org\",\"@graph\":[{\"@type\":\"WebPage\",\"@id\":\"https:\/\/superligero.es\/en\/material\/ultralight-kitchen\/soporte-para-hornillos-de-lena-cross-bars\/\",\"url\":\"https:\/\/superligero.es\/en\/material\/ultralight-kitchen\/soporte-para-hornillos-de-lena-cross-bars\/\",\"name\":\"Toaks Soporte Cross Bars | Ships from Europe\",\"isPartOf\":{\"@id\":\"https:\/\/superligero.es\/en\/#website\"},\"primaryImageOfPage\":{\"@id\":\"https:\/\/superligero.es\/en\/material\/ultralight-kitchen\/soporte-para-hornillos-de-lena-cross-bars\/#primaryimage\"},\"image\":{\"@id\":\"https:\/\/superligero.es\/en\/material\/ultralight-kitchen\/soporte-para-hornillos-de-lena-cross-bars\/#primaryimage\"},\"thumbnailUrl\":\"https:\/\/superligero.es\/en\/wp-content\/uploads\/sites\/2\/2018\/01\/soporte-de-titaneo-para-hornillosTi-Wood-Stove-Cross-Bars-Toaks-1-SuperLigero.jpg\",\"datePublished\":\"2018-01-03T19:09:24+00:00\",\"dateModified\":\"2026-03-04T16:38:21+00:00\",\"description\":\"Toaks Soporte Cross Bars | Ships from Europe. Comb\u00ednalo con el hornillo de le\u00f1a STV-11 de Toaks y consigue un\u00a0superficie m\u00e1s estable y segura para tus olla\",\"breadcrumb\":{\"@id\":\"https:\/\/superligero.es\/en\/material\/ultralight-kitchen\/soporte-para-hornillos-de-lena-cross-bars\/#breadcrumb\"},\"inLanguage\":\"en-US\",\"potentialAction\":[{\"@type\":\"ReadAction\",\"target\":[\"https:\/\/superligero.es\/en\/material\/ultralight-kitchen\/soporte-para-hornillos-de-lena-cross-bars\/\"]}]},{\"@type\":\"ImageObject\",\"inLanguage\":\"en-US\",\"@id\":\"https:\/\/superligero.es\/en\/material\/ultralight-kitchen\/soporte-para-hornillos-de-lena-cross-bars\/#primaryimage\",\"url\":\"https:\/\/superligero.es\/en\/wp-content\/uploads\/sites\/2\/2018\/01\/soporte-de-titaneo-para-hornillosTi-Wood-Stove-Cross-Bars-Toaks-1-SuperLigero.jpg\",\"contentUrl\":\"https:\/\/superligero.es\/en\/wp-content\/uploads\/sites\/2\/2018\/01\/soporte-de-titaneo-para-hornillosTi-Wood-Stove-Cross-Bars-Toaks-1-SuperLigero.jpg\",\"width\":595,\"height\":738,\"caption\":\"soporte para hornillos de le\u00f1a\"},{\"@type\":\"BreadcrumbList\",\"@id\":\"https:\/\/superligero.es\/en\/material\/ultralight-kitchen\/soporte-para-hornillos-de-lena-cross-bars\/#breadcrumb\",\"itemListElement\":[{\"@type\":\"ListItem\",\"position\":1,\"name\":\"Portada\",\"item\":\"https:\/\/superligero.es\/en\/\"},{\"@type\":\"ListItem\",\"position\":2,\"name\":\"Productos\",\"item\":\"https:\/\/superligero.es\/en\/productos\/\"},{\"@type\":\"ListItem\",\"position\":3,\"name\":\"Cross Bars\"}]},{\"@type\":\"WebSite\",\"@id\":\"https:\/\/superligero.es\/en\/#website\",\"url\":\"https:\/\/superligero.es\/en\/\",\"name\":\"SuperLigero\",\"description\":\"Ultralight outdoor gear for hiking\",\"potentialAction\":[{\"@type\":\"SearchAction\",\"target\":{\"@type\":\"EntryPoint\",\"urlTemplate\":\"https:\/\/superligero.es\/en\/?s={search_term_string}\"},\"query-input\":{\"@type\":\"PropertyValueSpecification\",\"valueRequired\":true,\"valueName\":\"search_term_string\"}}],\"inLanguage\":\"en-US\"}]}<\/script>\n<!-- \/ Yoast SEO Premium plugin. -->","yoast_head_json":{"title":"Toaks Soporte Cross Bars | Ships from Europe","description":"Toaks Soporte Cross Bars | Ships from Europe. Comb\u00ednalo con el hornillo de le\u00f1a STV-11 de Toaks y consigue un\u00a0superficie m\u00e1s estable y segura para tus olla","robots":{"index":"index","follow":"follow","max-snippet":"max-snippet:-1","max-image-preview":"max-image-preview:large","max-video-preview":"max-video-preview:-1"},"canonical":"https:\/\/superligero.es\/en\/material\/ultralight-kitchen\/soporte-para-hornillos-de-lena-cross-bars\/","og_locale":"en_US","og_type":"article","og_title":"Cross Bars","og_description":"Toaks Soporte Cross Bars | Ships from Europe. Comb\u00ednalo con el hornillo de le\u00f1a STV-11 de Toaks y consigue un\u00a0superficie m\u00e1s estable y segura para tus olla","og_url":"https:\/\/superligero.es\/en\/material\/ultralight-kitchen\/soporte-para-hornillos-de-lena-cross-bars\/","og_site_name":"SuperLigero","article_modified_time":"2026-03-04T16:38:21+00:00","og_image":[{"width":595,"height":738,"url":"https:\/\/superligero.es\/en\/wp-content\/uploads\/sites\/2\/2018\/01\/soporte-de-titaneo-para-hornillosTi-Wood-Stove-Cross-Bars-Toaks-1-SuperLigero.jpg","type":"image\/jpeg"}],"twitter_card":"summary_large_image","twitter_misc":{"Est. reading time":"2 minutes"},"schema":{"@context":"https:\/\/schema.org","@graph":[{"@type":"WebPage","@id":"https:\/\/superligero.es\/en\/material\/ultralight-kitchen\/soporte-para-hornillos-de-lena-cross-bars\/","url":"https:\/\/superligero.es\/en\/material\/ultralight-kitchen\/soporte-para-hornillos-de-lena-cross-bars\/","name":"Toaks Soporte Cross Bars | Ships from Europe","isPartOf":{"@id":"https:\/\/superligero.es\/en\/#website"},"primaryImageOfPage":{"@id":"https:\/\/superligero.es\/en\/material\/ultralight-kitchen\/soporte-para-hornillos-de-lena-cross-bars\/#primaryimage"},"image":{"@id":"https:\/\/superligero.es\/en\/material\/ultralight-kitchen\/soporte-para-hornillos-de-lena-cross-bars\/#primaryimage"},"thumbnailUrl":"https:\/\/superligero.es\/en\/wp-content\/uploads\/sites\/2\/2018\/01\/soporte-de-titaneo-para-hornillosTi-Wood-Stove-Cross-Bars-Toaks-1-SuperLigero.jpg","datePublished":"2018-01-03T19:09:24+00:00","dateModified":"2026-03-04T16:38:21+00:00","description":"Toaks Soporte Cross Bars | Ships from Europe. Comb\u00ednalo con el hornillo de le\u00f1a STV-11 de Toaks y consigue un\u00a0superficie m\u00e1s estable y segura para tus olla","breadcrumb":{"@id":"https:\/\/superligero.es\/en\/material\/ultralight-kitchen\/soporte-para-hornillos-de-lena-cross-bars\/#breadcrumb"},"inLanguage":"en-US","potentialAction":[{"@type":"ReadAction","target":["https:\/\/superligero.es\/en\/material\/ultralight-kitchen\/soporte-para-hornillos-de-lena-cross-bars\/"]}]},{"@type":"ImageObject","inLanguage":"en-US","@id":"https:\/\/superligero.es\/en\/material\/ultralight-kitchen\/soporte-para-hornillos-de-lena-cross-bars\/#primaryimage","url":"https:\/\/superligero.es\/en\/wp-content\/uploads\/sites\/2\/2018\/01\/soporte-de-titaneo-para-hornillosTi-Wood-Stove-Cross-Bars-Toaks-1-SuperLigero.jpg","contentUrl":"https:\/\/superligero.es\/en\/wp-content\/uploads\/sites\/2\/2018\/01\/soporte-de-titaneo-para-hornillosTi-Wood-Stove-Cross-Bars-Toaks-1-SuperLigero.jpg","width":595,"height":738,"caption":"soporte para hornillos de le\u00f1a"},{"@type":"BreadcrumbList","@id":"https:\/\/superligero.es\/en\/material\/ultralight-kitchen\/soporte-para-hornillos-de-lena-cross-bars\/#breadcrumb","itemListElement":[{"@type":"ListItem","position":1,"name":"Portada","item":"https:\/\/superligero.es\/en\/"},{"@type":"ListItem","position":2,"name":"Productos","item":"https:\/\/superligero.es\/en\/productos\/"},{"@type":"ListItem","position":3,"name":"Cross Bars"}]},{"@type":"WebSite","@id":"https:\/\/superligero.es\/en\/#website","url":"https:\/\/superligero.es\/en\/","name":"SuperLigero","description":"Ultralight outdoor gear for hiking","potentialAction":[{"@type":"SearchAction","target":{"@type":"EntryPoint","urlTemplate":"https:\/\/superligero.es\/en\/?s={search_term_string}"},"query-input":{"@type":"PropertyValueSpecification","valueRequired":true,"valueName":"search_term_string"}}],"inLanguage":"en-US"}]}},"_links":{"self":[{"href":"https:\/\/superligero.es\/en\/wp-json\/wp\/v2\/product\/3033","targetHints":{"allow":["GET"]}}],"collection":[{"href":"https:\/\/superligero.es\/en\/wp-json\/wp\/v2\/product"}],"about":[{"href":"https:\/\/superligero.es\/en\/wp-json\/wp\/v2\/types\/product"}],"replies":[{"embeddable":true,"href":"https:\/\/superligero.es\/en\/wp-json\/wp\/v2\/comments?post=3033"}],"wp:featuredmedia":[{"embeddable":true,"href":"https:\/\/superligero.es\/en\/wp-json\/wp\/v2\/media\/3129"}],"wp:attachment":[{"href":"https:\/\/superligero.es\/en\/wp-json\/wp\/v2\/media?parent=3033"}],"wp:term":[{"taxonomy":"product_brand","embeddable":true,"href":"https:\/\/superligero.es\/en\/wp-json\/wp\/v2\/product_brand?post=3033"},{"taxonomy":"product_cat","embeddable":true,"href":"https:\/\/superligero.es\/en\/wp-json\/wp\/v2\/product_cat?post=3033"},{"taxonomy":"product_tag","embeddable":true,"href":"https:\/\/superligero.es\/en\/wp-json\/wp\/v2\/product_tag?post=3033"}],"curies":[{"name":"wp","href":"https:\/\/api.w.org\/{rel}","templated":true}]}}