{"id":6127,"date":"2018-10-07T23:01:49","date_gmt":"2018-10-07T22:01:49","guid":{"rendered":"https:\/\/superligero.es\/?post_type=product&#038;p=6127"},"modified":"2026-03-04T18:38:35","modified_gmt":"2026-03-04T16:38:35","slug":"tienda-de-campana-ultraligera-2-personas","status":"publish","type":"product","link":"https:\/\/superligero.es\/en\/material\/ultralight-tents\/tienda-de-campana-ultraligera-2-personas\/","title":{"rendered":"Lunar Duo Explorer"},"content":{"rendered":"<p>La tienda de campa\u00f1a ultraligera 2 personas Lunar Duo Explorer est\u00e1 fabricada en Oregon (Estados Unidos) por\u00a0<a href=\"https:\/\/www.sixmoondesigns.com\">Six Moon Designs<\/a>. Para mantener el peso lo m\u00e1s bajo posible fue construida de una sola pared. Es decir, la tela exterior, la mosquitera y el suelo de la tienda est\u00e1n cosidos en una misma pieza.<\/p>\n<hr \/>\n<h2>Dise\u00f1o<\/h2>\n<p>Para facilitar el acceso tiene 2 entradas laterales separadas con vest\u00edbulos suficientemente grandes como para guardar todo tu equipo. Cuando hace buen tiempo se pueden enrollar los dos vest\u00edbulos y obtener una ventilaci\u00f3n perfecta y sin mosquitos. Tambi\u00e9n unas vistas geniales \ud83d\ude42<\/p>\n<p>Si te preocupa la condensaci\u00f3n que puede generar 2 personas, lleva dos entradas de aire en la parte superior para mitigarlo.<\/p>\n<p><img decoding=\"async\" class=\"alignnone size-full wp-image-6769\" src=\"https:\/\/superligero.es\/wp-content\/uploads\/sites\/2\/2018\/10\/tienda-de-campa\u00f1a-ultraligera-2-personas-21-SuperLigero.jpg\" alt=\"tienda de campa\u00f1a ultraligera 2 personas\" width=\"640\" height=\"480\" srcset=\"https:\/\/superligero.es\/en\/wp-content\/uploads\/sites\/2\/2018\/10\/tienda-de-campa\u00f1a-ultraligera-2-personas-21-SuperLigero.jpg 640w, https:\/\/superligero.es\/en\/wp-content\/uploads\/sites\/2\/2018\/10\/tienda-de-campa\u00f1a-ultraligera-2-personas-21-SuperLigero-350x263.jpg 350w, https:\/\/superligero.es\/en\/wp-content\/uploads\/sites\/2\/2018\/10\/tienda-de-campa\u00f1a-ultraligera-2-personas-21-SuperLigero-595x446.jpg 595w, https:\/\/superligero.es\/en\/wp-content\/uploads\/sites\/2\/2018\/10\/tienda-de-campa\u00f1a-ultraligera-2-personas-21-SuperLigero-380x285.jpg 380w\" sizes=\"(max-width: 640px) 100vw, 640px\" \/><\/p>\n<div class=\"texto-instagram\">\n<p>Foto\u00a0<a class=\"FPmhX notranslate TlrDj\" title=\"oldcrustyparatrooper\" href=\"https:\/\/www.instagram.com\/oldcrustyparatrooper\/\" target=\"_blank\" rel=\"noopener noreferrer\">@oldcrustyparatrooper<\/a><\/p>\n<\/div>\n<hr \/>\n<h2>Estructura<\/h2>\n<p>Tiene un ancho de 135cm y 295cm de largo. Gracias a esto se genera mucho espacio en su interior en donde 2 personas pueden vivir c\u00f3modamente (3.2m2). Incluso las mochilas se pueden almacenar en el interior sin problemas.<\/p>\n<p>La tienda de campa\u00f1a ultraligera 2 personas Lunar Duo Explorer\u00a0 se pueden ajustar en altura. M\u00e1s alto proporciona una ventilaci\u00f3n continua, manteni\u00e9ndose fresco y seguro de los mosquitos. M\u00e1s bajo evita que la lluvia, la nieve o el viento entre dentro de la tienda.<\/p>\n<p><img decoding=\"async\" class=\"alignnone size-full wp-image-6771\" src=\"https:\/\/superligero.es\/wp-content\/uploads\/sites\/2\/2018\/10\/tienda-de-campa\u00f1a-ultraligera-2-personas-22-SuperLigero.jpg\" alt=\"tienda de campa\u00f1a ultraligera 2 personas\" width=\"640\" height=\"480\" srcset=\"https:\/\/superligero.es\/en\/wp-content\/uploads\/sites\/2\/2018\/10\/tienda-de-campa\u00f1a-ultraligera-2-personas-22-SuperLigero.jpg 640w, https:\/\/superligero.es\/en\/wp-content\/uploads\/sites\/2\/2018\/10\/tienda-de-campa\u00f1a-ultraligera-2-personas-22-SuperLigero-350x263.jpg 350w, https:\/\/superligero.es\/en\/wp-content\/uploads\/sites\/2\/2018\/10\/tienda-de-campa\u00f1a-ultraligera-2-personas-22-SuperLigero-595x446.jpg 595w, https:\/\/superligero.es\/en\/wp-content\/uploads\/sites\/2\/2018\/10\/tienda-de-campa\u00f1a-ultraligera-2-personas-22-SuperLigero-380x285.jpg 380w\" sizes=\"(max-width: 640px) 100vw, 640px\" \/><\/p>\n<div class=\"texto-instagram\">\n<p>Foto\u00a0<a class=\"FPmhX notranslate TlrDj\" title=\"mkeeganuhl\" href=\"https:\/\/www.instagram.com\/mkeeganuhl\/\" target=\"_blank\" rel=\"noopener noreferrer\">@mkeeganuhl<\/a><\/p>\n<\/div>\n<hr \/>\n<h2><span id=\"Hecho_de_nailon_20D_con_Silicona\">Hecho de nailon 20D con silicona<\/span><\/h2>\n<p>Para mantener el peso tan bajo utilizan un tejido de nailon recubierto con silicona. Por lo tanto, se consigue un tejido muy impermeable. Adem\u00e1s, la silicona tiene cierta elasticidad, igual que el propio nailon, lo que lo hace m\u00e1s resistentes a los tirones y desgarros.<\/p>\n<p>Para las zonas m\u00e1s criticas al roce y al desgaste, como es la base, utilizan un tejido el mismo nailon pero con una densidad de 30 denier tambi\u00e9n recubierto de silicona. Este material es m\u00e1s resistente que el nailon, no se estira y tiene un peso razonablemente ligero ideal para esas zona sensibles.<\/p>\n<hr \/>\n<h2>Especificaciones<\/h2>\n<ul>\n<li>Color gris.<\/li>\n<li>Capacidad para 2 personas.<\/li>\n<li>Entrada doble lateral.<\/li>\n<li>Incluye dos bolsillos de almacenamiento.<\/li>\n<li>Incluye cuerdas tensoras.<\/li>\n<li>NO incluye piquetas.<\/li>\n<li>NO incluye m\u00e1stil.<\/li>\n<li>F\u00e1cil de montar.<\/li>\n<li>Tama\u00f1o de la bolsa de almacenamiento 38 x 15 cm.<\/li>\n<\/ul>\n<hr \/>\n<h2>\u00a0Tablas de medidas<\/h2>\n<p><img decoding=\"async\" class=\"alignnone wp-image-6519 size-full\" src=\"https:\/\/superligero.es\/wp-content\/uploads\/sites\/2\/2018\/10\/tienda-de-campa\u00f1a-ultraligera-2-personas-Lunar-Duo-Explorer-SuperLigero.jpg\" alt=\"tienda de campa\u00f1a ultraligera 2 personas Lunar Duo Explorer \" width=\"720\" height=\"348\" srcset=\"https:\/\/superligero.es\/en\/wp-content\/uploads\/sites\/2\/2018\/10\/tienda-de-campa\u00f1a-ultraligera-2-personas-Lunar-Duo-Explorer-SuperLigero.jpg 720w, https:\/\/superligero.es\/en\/wp-content\/uploads\/sites\/2\/2018\/10\/tienda-de-campa\u00f1a-ultraligera-2-personas-Lunar-Duo-Explorer-SuperLigero-350x169.jpg 350w, https:\/\/superligero.es\/en\/wp-content\/uploads\/sites\/2\/2018\/10\/tienda-de-campa\u00f1a-ultraligera-2-personas-Lunar-Duo-Explorer-SuperLigero-595x288.jpg 595w, https:\/\/superligero.es\/en\/wp-content\/uploads\/sites\/2\/2018\/10\/tienda-de-campa\u00f1a-ultraligera-2-personas-Lunar-Duo-Explorer-SuperLigero-380x184.jpg 380w\" sizes=\"(max-width: 720px) 100vw, 720px\" \/><\/p>\n<table style=\"border-collapse: collapse;width: 100%\" border=\"1\">\n<tbody>\n<tr style=\"height: 24px\">\n<td style=\"width: 50%;height: 24px\"><strong>Dimensiones<\/strong><\/td>\n<td style=\"width: 50%;height: 24px\"><\/td>\n<\/tr>\n<tr style=\"height: 24px\">\n<td style=\"width: 50%;height: 24px\">Peso<\/td>\n<td style=\"width: 50%;height: 24px\">1.27 kg<\/td>\n<\/tr>\n<tr style=\"height: 24px\">\n<td style=\"width: 50%;height: 24px\">Capacidad<\/td>\n<td style=\"width: 50%;height: 24px\">3.2 m2<\/td>\n<\/tr>\n<tr style=\"height: 24px\">\n<td style=\"width: 50%;height: 24px\">Vest\u00edbulo<\/td>\n<td style=\"width: 50%;height: 24px\">2 vest\u00edbulos, 1.1 m2 cada uno = 2.2 m2 de vest\u00edbulo en total<\/td>\n<\/tr>\n<tr style=\"height: 24px\">\n<td style=\"width: 50%;height: 24px\">Altura interior<\/td>\n<td style=\"width: 50%;height: 24px\">1.1 m2<\/td>\n<\/tr>\n<\/tbody>\n<\/table>\n<p>&nbsp;<\/p>\n<table style=\"border-collapse: collapse;width: 100%\" border=\"1\">\n<tbody>\n<tr>\n<td style=\"width: 50%\"><strong>Material<\/strong><\/td>\n<td style=\"width: 50%\"><\/td>\n<\/tr>\n<tr>\n<td style=\"width: 50%\">Carpa Exterior<\/td>\n<td style=\"width: 50%\">30D Silnylon<\/td>\n<\/tr>\n<tr>\n<td style=\"width: 50%\">Base<\/td>\n<td style=\"width: 50%\">30D Silnylon<\/td>\n<\/tr>\n<tr>\n<td style=\"width: 50%\">Mosquitera ultraligera No-See-Um<\/td>\n<td style=\"width: 50%\">20D<\/td>\n<\/tr>\n<tr>\n<td style=\"width: 50%\">Cremallera<\/td>\n<td style=\"width: 50%\">5 YKK<\/td>\n<\/tr>\n<\/tbody>\n<\/table>\n<hr \/>\n<h2>Valoraciones y rese\u00f1as<\/h2>\n","protected":false},"excerpt":{"rendered":"<p>Es un refugio especialmente espacioso y c\u00f3modo para 2 personas. Con entradas laterales y vest\u00edbulos\u00a0independientes en donde podr\u00e1s proteger todo tu equipo. Un buen dise\u00f1o robusto y ligero que te permite enfrentarte a los elementos en condiciones serias en 3 temporadas.<\/p>\n","protected":false},"featured_media":6169,"comment_status":"open","ping_status":"closed","template":"","meta":{"_trash_the_other_posts":false},"product_brand":[4765],"product_cat":[24],"product_tag":[],"class_list":{"0":"post-6127","1":"product","2":"type-product","3":"status-publish","4":"has-post-thumbnail","6":"product_brand-six-moon-designs","7":"product_cat-ultralight-tents","9":"first","10":"outofstock","11":"taxable","12":"shipping-taxable","13":"purchasable","14":"product-type-simple"},"yoast_head":"<!-- This site is optimized with the Yoast SEO Premium plugin v27.0 (Yoast SEO v27.1) - https:\/\/yoast.com\/product\/yoast-seo-premium-wordpress\/ -->\n<title>Tent Six Moon Designs Lunar Duo Explorer | Ships from Europe<\/title>\n<meta name=\"description\" content=\"Tent Six Moon Designs Lunar Duo Explorer | Ships from Europe for ultralight hiking and backpacking. Lightweight and durable gear. Ships from Europe. No imp\" \/>\n<meta name=\"robots\" content=\"index, follow, max-snippet:-1, max-image-preview:large, max-video-preview:-1\" \/>\n<link rel=\"canonical\" href=\"https:\/\/superligero.es\/en\/material\/ultralight-tents\/tienda-de-campana-ultraligera-2-personas\/\" \/>\n<meta property=\"og:locale\" content=\"en_US\" \/>\n<meta property=\"og:type\" content=\"article\" \/>\n<meta property=\"og:title\" content=\"Lunar Duo Explorer\" \/>\n<meta property=\"og:description\" content=\"Tent Six Moon Designs Lunar Duo Explorer | Ships from Europe for ultralight hiking and backpacking. Lightweight and durable gear. Ships from Europe. No imp\" \/>\n<meta property=\"og:url\" content=\"https:\/\/superligero.es\/en\/material\/ultralight-tents\/tienda-de-campana-ultraligera-2-personas\/\" \/>\n<meta property=\"og:site_name\" content=\"SuperLigero\" \/>\n<meta property=\"article:modified_time\" content=\"2026-03-04T16:38:35+00:00\" \/>\n<meta property=\"og:image\" content=\"https:\/\/superligero.es\/en\/wp-content\/uploads\/sites\/2\/2018\/10\/Lunar-Duo-Explorer-tienda-de-campa\u00f1a-ultraligera-2-personas-SuperLigero.jpg\" \/>\n\t<meta property=\"og:image:width\" content=\"595\" \/>\n\t<meta property=\"og:image:height\" content=\"738\" \/>\n\t<meta property=\"og:image:type\" content=\"image\/jpeg\" \/>\n<meta name=\"twitter:card\" content=\"summary_large_image\" \/>\n<meta name=\"twitter:label1\" content=\"Est. reading time\" \/>\n\t<meta name=\"twitter:data1\" content=\"3 minutes\" \/>\n<script type=\"application\/ld+json\" class=\"yoast-schema-graph\">{\"@context\":\"https:\/\/schema.org\",\"@graph\":[{\"@type\":\"WebPage\",\"@id\":\"https:\/\/superligero.es\/en\/material\/ultralight-tents\/tienda-de-campana-ultraligera-2-personas\/\",\"url\":\"https:\/\/superligero.es\/en\/material\/ultralight-tents\/tienda-de-campana-ultraligera-2-personas\/\",\"name\":\"Tent Six Moon Designs Lunar Duo Explorer | Ships from Europe\",\"isPartOf\":{\"@id\":\"https:\/\/superligero.es\/en\/#website\"},\"primaryImageOfPage\":{\"@id\":\"https:\/\/superligero.es\/en\/material\/ultralight-tents\/tienda-de-campana-ultraligera-2-personas\/#primaryimage\"},\"image\":{\"@id\":\"https:\/\/superligero.es\/en\/material\/ultralight-tents\/tienda-de-campana-ultraligera-2-personas\/#primaryimage\"},\"thumbnailUrl\":\"https:\/\/superligero.es\/en\/wp-content\/uploads\/sites\/2\/2018\/10\/Lunar-Duo-Explorer-tienda-de-campa\u00f1a-ultraligera-2-personas-SuperLigero.jpg\",\"datePublished\":\"2018-10-07T22:01:49+00:00\",\"dateModified\":\"2026-03-04T16:38:35+00:00\",\"description\":\"Tent Six Moon Designs Lunar Duo Explorer | Ships from Europe for ultralight hiking and backpacking. Lightweight and durable gear. Ships from Europe. No imp\",\"breadcrumb\":{\"@id\":\"https:\/\/superligero.es\/en\/material\/ultralight-tents\/tienda-de-campana-ultraligera-2-personas\/#breadcrumb\"},\"inLanguage\":\"en-US\",\"potentialAction\":[{\"@type\":\"ReadAction\",\"target\":[\"https:\/\/superligero.es\/en\/material\/ultralight-tents\/tienda-de-campana-ultraligera-2-personas\/\"]}]},{\"@type\":\"ImageObject\",\"inLanguage\":\"en-US\",\"@id\":\"https:\/\/superligero.es\/en\/material\/ultralight-tents\/tienda-de-campana-ultraligera-2-personas\/#primaryimage\",\"url\":\"https:\/\/superligero.es\/en\/wp-content\/uploads\/sites\/2\/2018\/10\/Lunar-Duo-Explorer-tienda-de-campa\u00f1a-ultraligera-2-personas-SuperLigero.jpg\",\"contentUrl\":\"https:\/\/superligero.es\/en\/wp-content\/uploads\/sites\/2\/2018\/10\/Lunar-Duo-Explorer-tienda-de-campa\u00f1a-ultraligera-2-personas-SuperLigero.jpg\",\"width\":595,\"height\":738,\"caption\":\"tienda de campa\u00f1a ultraligera 2 personas\"},{\"@type\":\"BreadcrumbList\",\"@id\":\"https:\/\/superligero.es\/en\/material\/ultralight-tents\/tienda-de-campana-ultraligera-2-personas\/#breadcrumb\",\"itemListElement\":[{\"@type\":\"ListItem\",\"position\":1,\"name\":\"Portada\",\"item\":\"https:\/\/superligero.es\/en\/\"},{\"@type\":\"ListItem\",\"position\":2,\"name\":\"Productos\",\"item\":\"https:\/\/superligero.es\/en\/productos\/\"},{\"@type\":\"ListItem\",\"position\":3,\"name\":\"Lunar Duo Explorer\"}]},{\"@type\":\"WebSite\",\"@id\":\"https:\/\/superligero.es\/en\/#website\",\"url\":\"https:\/\/superligero.es\/en\/\",\"name\":\"SuperLigero\",\"description\":\"Ultralight outdoor gear for hiking\",\"potentialAction\":[{\"@type\":\"SearchAction\",\"target\":{\"@type\":\"EntryPoint\",\"urlTemplate\":\"https:\/\/superligero.es\/en\/?s={search_term_string}\"},\"query-input\":{\"@type\":\"PropertyValueSpecification\",\"valueRequired\":true,\"valueName\":\"search_term_string\"}}],\"inLanguage\":\"en-US\"}]}<\/script>\n<!-- \/ Yoast SEO Premium plugin. -->","yoast_head_json":{"title":"Tent Six Moon Designs Lunar Duo Explorer | Ships from Europe","description":"Tent Six Moon Designs Lunar Duo Explorer | Ships from Europe for ultralight hiking and backpacking. Lightweight and durable gear. Ships from Europe. No imp","robots":{"index":"index","follow":"follow","max-snippet":"max-snippet:-1","max-image-preview":"max-image-preview:large","max-video-preview":"max-video-preview:-1"},"canonical":"https:\/\/superligero.es\/en\/material\/ultralight-tents\/tienda-de-campana-ultraligera-2-personas\/","og_locale":"en_US","og_type":"article","og_title":"Lunar Duo Explorer","og_description":"Tent Six Moon Designs Lunar Duo Explorer | Ships from Europe for ultralight hiking and backpacking. Lightweight and durable gear. Ships from Europe. No imp","og_url":"https:\/\/superligero.es\/en\/material\/ultralight-tents\/tienda-de-campana-ultraligera-2-personas\/","og_site_name":"SuperLigero","article_modified_time":"2026-03-04T16:38:35+00:00","og_image":[{"width":595,"height":738,"url":"https:\/\/superligero.es\/en\/wp-content\/uploads\/sites\/2\/2018\/10\/Lunar-Duo-Explorer-tienda-de-campa\u00f1a-ultraligera-2-personas-SuperLigero.jpg","type":"image\/jpeg"}],"twitter_card":"summary_large_image","twitter_misc":{"Est. reading time":"3 minutes"},"schema":{"@context":"https:\/\/schema.org","@graph":[{"@type":"WebPage","@id":"https:\/\/superligero.es\/en\/material\/ultralight-tents\/tienda-de-campana-ultraligera-2-personas\/","url":"https:\/\/superligero.es\/en\/material\/ultralight-tents\/tienda-de-campana-ultraligera-2-personas\/","name":"Tent Six Moon Designs Lunar Duo Explorer | Ships from Europe","isPartOf":{"@id":"https:\/\/superligero.es\/en\/#website"},"primaryImageOfPage":{"@id":"https:\/\/superligero.es\/en\/material\/ultralight-tents\/tienda-de-campana-ultraligera-2-personas\/#primaryimage"},"image":{"@id":"https:\/\/superligero.es\/en\/material\/ultralight-tents\/tienda-de-campana-ultraligera-2-personas\/#primaryimage"},"thumbnailUrl":"https:\/\/superligero.es\/en\/wp-content\/uploads\/sites\/2\/2018\/10\/Lunar-Duo-Explorer-tienda-de-campa\u00f1a-ultraligera-2-personas-SuperLigero.jpg","datePublished":"2018-10-07T22:01:49+00:00","dateModified":"2026-03-04T16:38:35+00:00","description":"Tent Six Moon Designs Lunar Duo Explorer | Ships from Europe for ultralight hiking and backpacking. Lightweight and durable gear. Ships from Europe. No imp","breadcrumb":{"@id":"https:\/\/superligero.es\/en\/material\/ultralight-tents\/tienda-de-campana-ultraligera-2-personas\/#breadcrumb"},"inLanguage":"en-US","potentialAction":[{"@type":"ReadAction","target":["https:\/\/superligero.es\/en\/material\/ultralight-tents\/tienda-de-campana-ultraligera-2-personas\/"]}]},{"@type":"ImageObject","inLanguage":"en-US","@id":"https:\/\/superligero.es\/en\/material\/ultralight-tents\/tienda-de-campana-ultraligera-2-personas\/#primaryimage","url":"https:\/\/superligero.es\/en\/wp-content\/uploads\/sites\/2\/2018\/10\/Lunar-Duo-Explorer-tienda-de-campa\u00f1a-ultraligera-2-personas-SuperLigero.jpg","contentUrl":"https:\/\/superligero.es\/en\/wp-content\/uploads\/sites\/2\/2018\/10\/Lunar-Duo-Explorer-tienda-de-campa\u00f1a-ultraligera-2-personas-SuperLigero.jpg","width":595,"height":738,"caption":"tienda de campa\u00f1a ultraligera 2 personas"},{"@type":"BreadcrumbList","@id":"https:\/\/superligero.es\/en\/material\/ultralight-tents\/tienda-de-campana-ultraligera-2-personas\/#breadcrumb","itemListElement":[{"@type":"ListItem","position":1,"name":"Portada","item":"https:\/\/superligero.es\/en\/"},{"@type":"ListItem","position":2,"name":"Productos","item":"https:\/\/superligero.es\/en\/productos\/"},{"@type":"ListItem","position":3,"name":"Lunar Duo Explorer"}]},{"@type":"WebSite","@id":"https:\/\/superligero.es\/en\/#website","url":"https:\/\/superligero.es\/en\/","name":"SuperLigero","description":"Ultralight outdoor gear for hiking","potentialAction":[{"@type":"SearchAction","target":{"@type":"EntryPoint","urlTemplate":"https:\/\/superligero.es\/en\/?s={search_term_string}"},"query-input":{"@type":"PropertyValueSpecification","valueRequired":true,"valueName":"search_term_string"}}],"inLanguage":"en-US"}]}},"_links":{"self":[{"href":"https:\/\/superligero.es\/en\/wp-json\/wp\/v2\/product\/6127","targetHints":{"allow":["GET"]}}],"collection":[{"href":"https:\/\/superligero.es\/en\/wp-json\/wp\/v2\/product"}],"about":[{"href":"https:\/\/superligero.es\/en\/wp-json\/wp\/v2\/types\/product"}],"replies":[{"embeddable":true,"href":"https:\/\/superligero.es\/en\/wp-json\/wp\/v2\/comments?post=6127"}],"wp:featuredmedia":[{"embeddable":true,"href":"https:\/\/superligero.es\/en\/wp-json\/wp\/v2\/media\/6169"}],"wp:attachment":[{"href":"https:\/\/superligero.es\/en\/wp-json\/wp\/v2\/media?parent=6127"}],"wp:term":[{"taxonomy":"product_brand","embeddable":true,"href":"https:\/\/superligero.es\/en\/wp-json\/wp\/v2\/product_brand?post=6127"},{"taxonomy":"product_cat","embeddable":true,"href":"https:\/\/superligero.es\/en\/wp-json\/wp\/v2\/product_cat?post=6127"},{"taxonomy":"product_tag","embeddable":true,"href":"https:\/\/superligero.es\/en\/wp-json\/wp\/v2\/product_tag?post=6127"}],"curies":[{"name":"wp","href":"https:\/\/api.w.org\/{rel}","templated":true}]}}