{"id":6135,"date":"2018-10-07T23:03:42","date_gmt":"2018-10-07T22:03:42","guid":{"rendered":"https:\/\/superligero.es\/?post_type=product&#038;p=6135"},"modified":"2026-04-11T17:05:44","modified_gmt":"2026-04-11T15:05:44","slug":"carbon-fiber-ultralight-pole","status":"publish","type":"product","link":"https:\/\/superligero.es\/en\/material\/ultralight-tents\/carbon-fiber-ultralight-pole\/","title":{"rendered":"Carbon Fiber Pole"},"content":{"rendered":"<p>The ultralight carbon fiber pole from the American company <a href=\"https:\/\/www.sixmoondesigns.com\" target=\"_blank\" rel=\"noopener noreferrer\">Six Moon Designs<\/a> is stronger and lighter than other aluminum poles.<\/p>\n<p>Six Moon Designs is a small company founded in the United States in 2002, specializing in the manufacturing of ultralight tents, tarps, and backpacks.<\/p>\n<div class=\"container\"><iframe loading=\"lazy\" class=\"video\" src=\"https:\/\/www.youtube.com\/embed\/LCdVS6sP64I?rel=0\" width=\"300\" height=\"150\"><\/iframe><\/div>\n<hr \/>\n<h2>When to Use It<\/h2>\n<p>Many ultralight tarps and tents do not come with poles for setup and instead use trekking poles to support them. This eliminates an item from your backpack, reducing weight and volume.<\/p>\n<p>Therefore, poles are an alternative for hikers who do not use trekking poles and need something very light to set up their shelter.<\/p>\n<hr \/>\n<h2>Design<\/h2>\n<p>The ultralight carbon fiber pole from Six Moon Designs folds into 3 sections of 38cm. It won&#8217;t stick out above your backpack, getting in the way of tree branches. You can secure it to the side or simply store it inside your backpack.<\/p>\n<p>It&#8217;s between 40% and 60% lighter than conventional poles. This aspect is often overlooked as a way to reduce the weight of your backpack. However, it can have a significant impact when used effectively. So, consider it one of the final steps to &#8220;shave grams&#8221; off your backpack.<\/p>\n<hr \/>\n<h2>How to Assemble<\/h2>\n<p>When setting up your shelter, first tighten it with stakes until the pole starts to create a slight curve. Then, back off the tension until the pole stands completely vertical. This should provide sufficient tension to keep your shelter stable, even in strong winds.<\/p>\n<hr \/>\n<h2>Specifications<\/h2>\n<ul>\n<li>Available in 2 different lengths.<\/li>\n<li>Length 114cm &#8211; Weight 51g.<\/li>\n<li>Length 124cm &#8211; Weight 54g.<\/li>\n<li>Made and customized by Easton Mountain Products.<\/li>\n<\/ul>\n<hr \/>\n<h2>Compatibility Tables<\/h2>\n<table style=\"border-collapse: collapse; width: 100%;\" border=\"1\">\n<tbody>\n<tr style=\"height: 66px;\">\n<td style=\"width: 50%; height: 10px;\">\n<h4>Compatibility<\/h4>\n<\/td>\n<td style=\"width: 50%; height: 10px;\"><\/td>\n<\/tr>\n<tr style=\"height: 24px;\">\n<td style=\"width: 50%; height: 24px;\">114cm Pole<\/td>\n<td style=\"width: 50%; height: 24px;\"><a href=\"https:\/\/superligero.es\/en\/material\/shelters\/ultralight-1-person-tent\/\">Skyscape &#8211; Scout<\/a> (2 poles)<\/td>\n<\/tr>\n<tr style=\"height: 24px;\">\n<td style=\"width: 50%; height: 24px;\"><\/td>\n<td style=\"width: 50%; height: 24px;\"><a href=\"https:\/\/superligero.es\/en\/material\/shelters\/ultralight-solo-tent\/\">Skyscape Trekker<\/a> (2 poles)<\/td>\n<\/tr>\n<tr style=\"height: 24px;\">\n<td style=\"width: 50%; height: 24px;\"><\/td>\n<td style=\"width: 50%; height: 24px;\"><a href=\"https:\/\/superligero.es\/en\/material\/shelters\/lightweight-2-person-tent\/\">Lunar Duo Outfitter<\/a> (2 poles)<\/td>\n<\/tr>\n<tr style=\"height: 24px;\">\n<td style=\"width: 50%; height: 24px;\"><\/td>\n<td style=\"width: 50%; height: 24px;\"><a href=\"https:\/\/superligero.es\/en\/material\/shelters\/ultralight-2-person-tent\/\">Lunar Duo Explorer<\/a> (2 poles)<\/td>\n<\/tr>\n<tr style=\"height: 24px;\">\n<td style=\"width: 50%; height: 24px;\"><\/td>\n<td style=\"width: 50%; height: 24px;\"><a href=\"https:\/\/superligero.es\/en\/material\/shelters\/ultralight-2-person-tarp\/\">Haven Tarp<\/a> (2 poles)<\/td>\n<\/tr>\n<tr style=\"height: 24px;\">\n<td style=\"width: 50%; height: 24px;\"><\/td>\n<td style=\"width: 50%; height: 24px;\"><a href=\"https:\/\/superligero.es\/en\/material\/shelters\/net-tent-for-trekking-poles\/\">Haven NetTent<\/a> (2 poles)<\/td>\n<\/tr>\n<tr style=\"height: 24px;\">\n<td style=\"width: 50%; height: 24px;\"><\/td>\n<td style=\"width: 50%; height: 24px;\"><a href=\"https:\/\/superligero.es\/en\/material\/shelters\/ultralight-tarp\/\">Gatewood Cape<\/a> (1 pole)<\/td>\n<\/tr>\n<tr style=\"height: 24px;\">\n<td style=\"width: 50%; height: 24px;\"><\/td>\n<td style=\"width: 50%; height: 24px;\"><a href=\"https:\/\/superligero.es\/en\/material\/shelters\/ultralight-bug-net\/\">Serenity NetTent<\/a> (1 pole)<\/td>\n<\/tr>\n<\/tbody>\n<\/table>\n<p>&nbsp;<\/p>\n<table style=\"border-collapse: collapse; width: 100%;\" border=\"1\">\n<tbody>\n<tr style=\"height: 66px;\">\n<td style=\"width: 50%; height: 18px;\">\n<h4>Compatibility<\/h4>\n<\/td>\n<td style=\"width: 50%; height: 18px;\"><\/td>\n<\/tr>\n<tr style=\"height: 24px;\">\n<td style=\"width: 50%; height: 24px;\">124cm Pole<\/td>\n<td style=\"width: 50%; height: 24px;\"><a href=\"https:\/\/superligero.es\/en\/material\/shelters\/3-season-1-person-tent\/\">Lunar Solo<\/a> (1 pole)<\/td>\n<\/tr>\n<tr style=\"height: 24px;\">\n<td style=\"width: 50%; height: 24px;\"><\/td>\n<td style=\"width: 50%; height: 24px;\"><a href=\"https:\/\/superligero.es\/en\/material\/shelters\/ultralight-1-person-tarp\/\">Deschutes Tarp<\/a> (1 pole)<\/td>\n<\/tr>\n<\/tbody>\n<\/table>\n<p>&nbsp;<\/p>\n","protected":false},"excerpt":{"rendered":"<p>This tool is designed to lift lightweight tarps and tents that do not use poles. It is made of carbon fiber, making it flexible, strong, and extremely lightweight. It is designed to be folded and stored inside your backpack.<\/p>\n","protected":false},"featured_media":6154,"comment_status":"open","ping_status":"closed","template":"","meta":{"_trash_the_other_posts":false},"product_brand":[4765],"product_cat":[24],"product_tag":[],"class_list":{"0":"post-6135","1":"product","2":"type-product","3":"status-publish","4":"has-post-thumbnail","6":"product_brand-six-moon-designs","7":"product_cat-ultralight-tents","9":"first","10":"outofstock","11":"taxable","12":"shipping-taxable","13":"product-type-variable"},"yoast_head":"<!-- This site is optimized with the Yoast SEO Premium plugin v27.0 (Yoast SEO v27.1) - https:\/\/yoast.com\/product\/yoast-seo-premium-wordpress\/ -->\n<title>Tent Six Moon Designs Carbon Fiber Pole | Ships from Europe<\/title>\n<meta name=\"description\" content=\"Tent Six Moon Designs Carbon Fiber Pole | Ships from Europe. This tool is designed to lift lightweight tarps and tents that do not use poles. It is made of\" \/>\n<meta name=\"robots\" content=\"index, follow, max-snippet:-1, max-image-preview:large, max-video-preview:-1\" \/>\n<link rel=\"canonical\" href=\"https:\/\/superligero.es\/en\/material\/ultralight-tents\/carbon-fiber-ultralight-pole\/\" \/>\n<meta property=\"og:locale\" content=\"en_US\" \/>\n<meta property=\"og:type\" content=\"article\" \/>\n<meta property=\"og:title\" content=\"Carbon Fiber Pole\" \/>\n<meta property=\"og:description\" content=\"Tent Six Moon Designs Carbon Fiber Pole | Ships from Europe. This tool is designed to lift lightweight tarps and tents that do not use poles. It is made of\" \/>\n<meta property=\"og:url\" content=\"https:\/\/superligero.es\/en\/material\/ultralight-tents\/carbon-fiber-ultralight-pole\/\" \/>\n<meta property=\"og:site_name\" content=\"SuperLigero\" \/>\n<meta property=\"article:modified_time\" content=\"2026-04-11T15:05:44+00:00\" \/>\n<meta property=\"og:image\" content=\"https:\/\/superligero.es\/en\/wp-content\/uploads\/sites\/2\/2018\/10\/Bast\u00f3n-Carbon-Fiber-bast\u00f3n-ultraligero-de-fibra-de-carbono-SuperLigero.jpg\" \/>\n\t<meta property=\"og:image:width\" content=\"595\" \/>\n\t<meta property=\"og:image:height\" content=\"738\" \/>\n\t<meta property=\"og:image:type\" content=\"image\/jpeg\" \/>\n<meta name=\"twitter:card\" content=\"summary_large_image\" \/>\n<meta name=\"twitter:label1\" content=\"Est. reading time\" \/>\n\t<meta name=\"twitter:data1\" content=\"2 minutes\" \/>\n<script type=\"application\/ld+json\" class=\"yoast-schema-graph\">{\"@context\":\"https:\/\/schema.org\",\"@graph\":[{\"@type\":\"WebPage\",\"@id\":\"https:\/\/superligero.es\/en\/material\/ultralight-tents\/carbon-fiber-ultralight-pole\/\",\"url\":\"https:\/\/superligero.es\/en\/material\/ultralight-tents\/carbon-fiber-ultralight-pole\/\",\"name\":\"Tent Six Moon Designs Carbon Fiber Pole | Ships from Europe\",\"isPartOf\":{\"@id\":\"https:\/\/superligero.es\/en\/#website\"},\"primaryImageOfPage\":{\"@id\":\"https:\/\/superligero.es\/en\/material\/ultralight-tents\/carbon-fiber-ultralight-pole\/#primaryimage\"},\"image\":{\"@id\":\"https:\/\/superligero.es\/en\/material\/ultralight-tents\/carbon-fiber-ultralight-pole\/#primaryimage\"},\"thumbnailUrl\":\"https:\/\/superligero.es\/en\/wp-content\/uploads\/sites\/2\/2018\/10\/Bast\u00f3n-Carbon-Fiber-bast\u00f3n-ultraligero-de-fibra-de-carbono-SuperLigero.jpg\",\"datePublished\":\"2018-10-07T22:03:42+00:00\",\"dateModified\":\"2026-04-11T15:05:44+00:00\",\"description\":\"Tent Six Moon Designs Carbon Fiber Pole | Ships from Europe. This tool is designed to lift lightweight tarps and tents that do not use poles. It is made of\",\"breadcrumb\":{\"@id\":\"https:\/\/superligero.es\/en\/material\/ultralight-tents\/carbon-fiber-ultralight-pole\/#breadcrumb\"},\"inLanguage\":\"en-US\",\"potentialAction\":[{\"@type\":\"ReadAction\",\"target\":[\"https:\/\/superligero.es\/en\/material\/ultralight-tents\/carbon-fiber-ultralight-pole\/\"]}]},{\"@type\":\"ImageObject\",\"inLanguage\":\"en-US\",\"@id\":\"https:\/\/superligero.es\/en\/material\/ultralight-tents\/carbon-fiber-ultralight-pole\/#primaryimage\",\"url\":\"https:\/\/superligero.es\/en\/wp-content\/uploads\/sites\/2\/2018\/10\/Bast\u00f3n-Carbon-Fiber-bast\u00f3n-ultraligero-de-fibra-de-carbono-SuperLigero.jpg\",\"contentUrl\":\"https:\/\/superligero.es\/en\/wp-content\/uploads\/sites\/2\/2018\/10\/Bast\u00f3n-Carbon-Fiber-bast\u00f3n-ultraligero-de-fibra-de-carbono-SuperLigero.jpg\",\"width\":595,\"height\":738,\"caption\":\"m\u00e1stil ultraligero de fibra de carbono\"},{\"@type\":\"BreadcrumbList\",\"@id\":\"https:\/\/superligero.es\/en\/material\/ultralight-tents\/carbon-fiber-ultralight-pole\/#breadcrumb\",\"itemListElement\":[{\"@type\":\"ListItem\",\"position\":1,\"name\":\"Portada\",\"item\":\"https:\/\/superligero.es\/en\/\"},{\"@type\":\"ListItem\",\"position\":2,\"name\":\"Productos\",\"item\":\"https:\/\/superligero.es\/en\/productos\/\"},{\"@type\":\"ListItem\",\"position\":3,\"name\":\"Carbon Fiber Pole\"}]},{\"@type\":\"WebSite\",\"@id\":\"https:\/\/superligero.es\/en\/#website\",\"url\":\"https:\/\/superligero.es\/en\/\",\"name\":\"SuperLigero\",\"description\":\"Ultralight outdoor gear for hiking\",\"potentialAction\":[{\"@type\":\"SearchAction\",\"target\":{\"@type\":\"EntryPoint\",\"urlTemplate\":\"https:\/\/superligero.es\/en\/?s={search_term_string}\"},\"query-input\":{\"@type\":\"PropertyValueSpecification\",\"valueRequired\":true,\"valueName\":\"search_term_string\"}}],\"inLanguage\":\"en-US\"}]}<\/script>\n<!-- \/ Yoast SEO Premium plugin. -->","yoast_head_json":{"title":"Tent Six Moon Designs Carbon Fiber Pole | Ships from Europe","description":"Tent Six Moon Designs Carbon Fiber Pole | Ships from Europe. This tool is designed to lift lightweight tarps and tents that do not use poles. It is made of","robots":{"index":"index","follow":"follow","max-snippet":"max-snippet:-1","max-image-preview":"max-image-preview:large","max-video-preview":"max-video-preview:-1"},"canonical":"https:\/\/superligero.es\/en\/material\/ultralight-tents\/carbon-fiber-ultralight-pole\/","og_locale":"en_US","og_type":"article","og_title":"Carbon Fiber Pole","og_description":"Tent Six Moon Designs Carbon Fiber Pole | Ships from Europe. This tool is designed to lift lightweight tarps and tents that do not use poles. It is made of","og_url":"https:\/\/superligero.es\/en\/material\/ultralight-tents\/carbon-fiber-ultralight-pole\/","og_site_name":"SuperLigero","article_modified_time":"2026-04-11T15:05:44+00:00","og_image":[{"width":595,"height":738,"url":"https:\/\/superligero.es\/en\/wp-content\/uploads\/sites\/2\/2018\/10\/Bast\u00f3n-Carbon-Fiber-bast\u00f3n-ultraligero-de-fibra-de-carbono-SuperLigero.jpg","type":"image\/jpeg"}],"twitter_card":"summary_large_image","twitter_misc":{"Est. reading time":"2 minutes"},"schema":{"@context":"https:\/\/schema.org","@graph":[{"@type":"WebPage","@id":"https:\/\/superligero.es\/en\/material\/ultralight-tents\/carbon-fiber-ultralight-pole\/","url":"https:\/\/superligero.es\/en\/material\/ultralight-tents\/carbon-fiber-ultralight-pole\/","name":"Tent Six Moon Designs Carbon Fiber Pole | Ships from Europe","isPartOf":{"@id":"https:\/\/superligero.es\/en\/#website"},"primaryImageOfPage":{"@id":"https:\/\/superligero.es\/en\/material\/ultralight-tents\/carbon-fiber-ultralight-pole\/#primaryimage"},"image":{"@id":"https:\/\/superligero.es\/en\/material\/ultralight-tents\/carbon-fiber-ultralight-pole\/#primaryimage"},"thumbnailUrl":"https:\/\/superligero.es\/en\/wp-content\/uploads\/sites\/2\/2018\/10\/Bast\u00f3n-Carbon-Fiber-bast\u00f3n-ultraligero-de-fibra-de-carbono-SuperLigero.jpg","datePublished":"2018-10-07T22:03:42+00:00","dateModified":"2026-04-11T15:05:44+00:00","description":"Tent Six Moon Designs Carbon Fiber Pole | Ships from Europe. This tool is designed to lift lightweight tarps and tents that do not use poles. It is made of","breadcrumb":{"@id":"https:\/\/superligero.es\/en\/material\/ultralight-tents\/carbon-fiber-ultralight-pole\/#breadcrumb"},"inLanguage":"en-US","potentialAction":[{"@type":"ReadAction","target":["https:\/\/superligero.es\/en\/material\/ultralight-tents\/carbon-fiber-ultralight-pole\/"]}]},{"@type":"ImageObject","inLanguage":"en-US","@id":"https:\/\/superligero.es\/en\/material\/ultralight-tents\/carbon-fiber-ultralight-pole\/#primaryimage","url":"https:\/\/superligero.es\/en\/wp-content\/uploads\/sites\/2\/2018\/10\/Bast\u00f3n-Carbon-Fiber-bast\u00f3n-ultraligero-de-fibra-de-carbono-SuperLigero.jpg","contentUrl":"https:\/\/superligero.es\/en\/wp-content\/uploads\/sites\/2\/2018\/10\/Bast\u00f3n-Carbon-Fiber-bast\u00f3n-ultraligero-de-fibra-de-carbono-SuperLigero.jpg","width":595,"height":738,"caption":"m\u00e1stil ultraligero de fibra de carbono"},{"@type":"BreadcrumbList","@id":"https:\/\/superligero.es\/en\/material\/ultralight-tents\/carbon-fiber-ultralight-pole\/#breadcrumb","itemListElement":[{"@type":"ListItem","position":1,"name":"Portada","item":"https:\/\/superligero.es\/en\/"},{"@type":"ListItem","position":2,"name":"Productos","item":"https:\/\/superligero.es\/en\/productos\/"},{"@type":"ListItem","position":3,"name":"Carbon Fiber Pole"}]},{"@type":"WebSite","@id":"https:\/\/superligero.es\/en\/#website","url":"https:\/\/superligero.es\/en\/","name":"SuperLigero","description":"Ultralight outdoor gear for hiking","potentialAction":[{"@type":"SearchAction","target":{"@type":"EntryPoint","urlTemplate":"https:\/\/superligero.es\/en\/?s={search_term_string}"},"query-input":{"@type":"PropertyValueSpecification","valueRequired":true,"valueName":"search_term_string"}}],"inLanguage":"en-US"}]}},"_links":{"self":[{"href":"https:\/\/superligero.es\/en\/wp-json\/wp\/v2\/product\/6135","targetHints":{"allow":["GET"]}}],"collection":[{"href":"https:\/\/superligero.es\/en\/wp-json\/wp\/v2\/product"}],"about":[{"href":"https:\/\/superligero.es\/en\/wp-json\/wp\/v2\/types\/product"}],"replies":[{"embeddable":true,"href":"https:\/\/superligero.es\/en\/wp-json\/wp\/v2\/comments?post=6135"}],"wp:featuredmedia":[{"embeddable":true,"href":"https:\/\/superligero.es\/en\/wp-json\/wp\/v2\/media\/6154"}],"wp:attachment":[{"href":"https:\/\/superligero.es\/en\/wp-json\/wp\/v2\/media?parent=6135"}],"wp:term":[{"taxonomy":"product_brand","embeddable":true,"href":"https:\/\/superligero.es\/en\/wp-json\/wp\/v2\/product_brand?post=6135"},{"taxonomy":"product_cat","embeddable":true,"href":"https:\/\/superligero.es\/en\/wp-json\/wp\/v2\/product_cat?post=6135"},{"taxonomy":"product_tag","embeddable":true,"href":"https:\/\/superligero.es\/en\/wp-json\/wp\/v2\/product_tag?post=6135"}],"curies":[{"name":"wp","href":"https:\/\/api.w.org\/{rel}","templated":true}]}}